{"id":39458,"date":"2024-08-13T16:32:10","date_gmt":"2024-08-13T16:32:10","guid":{"rendered":"https:\/\/safari.mx\/index.php\/product\/tous-90ml-edt-tous\/"},"modified":"2024-08-13T16:32:17","modified_gmt":"2024-08-13T16:32:17","slug":"tous-90ml-edt-tous","status":"publish","type":"product","link":"https:\/\/safari.mx\/index.php\/product\/tous-90ml-edt-tous\/","title":{"rendered":"Tous 90ml EDT &#8211; Tous"},"content":{"rendered":"<p><strong>ACORDES:<\/strong> Floral blanco, florales, rosas, fresco, arom\u00e1tico, atalcado, amaderado, almizclado, verde, c\u00edtrico.<\/p>\n","protected":false},"excerpt":{"rendered":"<p>Tous de Tous es una fragancia de la familia olfativa Floral para Mujeres. Tous se lanz\u00f3 en 2002. La Nariz detr\u00e1s de esta fragancia es Olivier Cresp. Las Notas de Salida son hojas de violeta, bergamota, casia y cilantro; las Notas de Coraz\u00f3n son gardenia, peon\u00eda, jazm\u00edn y rosa; las Notas de Fondo son almizcle blanco, iris y cedro de Marruecos.<\/p>\n","protected":false},"featured_media":39460,"comment_status":"open","ping_status":"open","template":"","meta":[],"product_cat":[639,596,342,340,353,354,370,343,339,428,431],"product_tag":[],"class_list":{"0":"post-39458","1":"product","2":"type-product","3":"status-publish","4":"has-post-thumbnail","6":"product_cat-perfumes-de-linea-dama-perfumes-de-linea","7":"product_cat-tous-marca","8":"product_cat-clasificacion","9":"product_cat-concentracion","10":"product_cat-disenador-clasificacion","11":"product_cat-eau-de-toilette-concentracion","12":"product_cat-femenino-genero","13":"product_cat-genero","14":"product_cat-marca","15":"product_cat-perfumes-de-linea","16":"product_cat-perfumes-disenador-perfumes-de-linea","17":"ts_product_brand-tous","19":"first","20":"instock","21":"purchasable","22":"product-type-simple","23":"add-to-wishlist-after_add_to_cart"},"aioseo_notices":[],"_links":{"self":[{"href":"https:\/\/safari.mx\/index.php\/wp-json\/wp\/v2\/product\/39458","targetHints":{"allow":["GET"]}}],"collection":[{"href":"https:\/\/safari.mx\/index.php\/wp-json\/wp\/v2\/product"}],"about":[{"href":"https:\/\/safari.mx\/index.php\/wp-json\/wp\/v2\/types\/product"}],"replies":[{"embeddable":true,"href":"https:\/\/safari.mx\/index.php\/wp-json\/wp\/v2\/comments?post=39458"}],"wp:featuredmedia":[{"embeddable":true,"href":"https:\/\/safari.mx\/index.php\/wp-json\/wp\/v2\/media\/39460"}],"wp:attachment":[{"href":"https:\/\/safari.mx\/index.php\/wp-json\/wp\/v2\/media?parent=39458"}],"wp:term":[{"taxonomy":"product_cat","embeddable":true,"href":"https:\/\/safari.mx\/index.php\/wp-json\/wp\/v2\/product_cat?post=39458"},{"taxonomy":"product_tag","embeddable":true,"href":"https:\/\/safari.mx\/index.php\/wp-json\/wp\/v2\/product_tag?post=39458"}],"curies":[{"name":"wp","href":"https:\/\/api.w.org\/{rel}","templated":true}]}}