{"id":39465,"date":"2024-08-13T16:32:41","date_gmt":"2024-08-13T16:32:41","guid":{"rendered":"https:\/\/safari.mx\/index.php\/product\/tous-leau-90ml-edp-tous\/"},"modified":"2024-08-13T16:32:48","modified_gmt":"2024-08-13T16:32:48","slug":"tous-leau-90ml-edp-tous","status":"publish","type":"product","link":"https:\/\/safari.mx\/index.php\/product\/tous-leau-90ml-edp-tous\/","title":{"rendered":"Tous L&#8217;Eau 90ml EDP &#8211; Tous"},"content":{"rendered":"<p><strong>ACORDES:<\/strong> Florales, c\u00edtrico, fresco, almizclado, pachul\u00ed.<\/p>\n","protected":false},"excerpt":{"rendered":"<p>Tous L\u2019Eau Eau de Parfum de Tous es una fragancia de la familia olfativa Almizcle Floral Amaderado para Mujeres. Tous L\u2019Eau Eau de Parfum se lanz\u00f3 en 2011. La Nariz detr\u00e1s de esta fragancia es Nathalie Lorson. Las Notas de Salida son notas florales, lim\u00f3n de Amalfi (lima de Amalfi) y mandarina; las Notas de Coraz\u00f3n son fresia, peon\u00eda, grosellas negras y jazm\u00edn; las Notas de Fondo son almizcle, pachul\u00ed y \u00e1mbar.<\/p>\n","protected":false},"featured_media":39467,"comment_status":"open","ping_status":"open","template":"","meta":[],"product_cat":[639,596,342,340,353,362,370,343,339,428,431],"product_tag":[],"class_list":{"0":"post-39465","1":"product","2":"type-product","3":"status-publish","4":"has-post-thumbnail","6":"product_cat-perfumes-de-linea-dama-perfumes-de-linea","7":"product_cat-tous-marca","8":"product_cat-clasificacion","9":"product_cat-concentracion","10":"product_cat-disenador-clasificacion","11":"product_cat-eau-de-parfum-concentracion","12":"product_cat-femenino-genero","13":"product_cat-genero","14":"product_cat-marca","15":"product_cat-perfumes-de-linea","16":"product_cat-perfumes-disenador-perfumes-de-linea","17":"ts_product_brand-tous","19":"first","20":"instock","21":"purchasable","22":"product-type-simple","23":"add-to-wishlist-after_add_to_cart"},"aioseo_notices":[],"_links":{"self":[{"href":"https:\/\/safari.mx\/index.php\/wp-json\/wp\/v2\/product\/39465","targetHints":{"allow":["GET"]}}],"collection":[{"href":"https:\/\/safari.mx\/index.php\/wp-json\/wp\/v2\/product"}],"about":[{"href":"https:\/\/safari.mx\/index.php\/wp-json\/wp\/v2\/types\/product"}],"replies":[{"embeddable":true,"href":"https:\/\/safari.mx\/index.php\/wp-json\/wp\/v2\/comments?post=39465"}],"wp:featuredmedia":[{"embeddable":true,"href":"https:\/\/safari.mx\/index.php\/wp-json\/wp\/v2\/media\/39467"}],"wp:attachment":[{"href":"https:\/\/safari.mx\/index.php\/wp-json\/wp\/v2\/media?parent=39465"}],"wp:term":[{"taxonomy":"product_cat","embeddable":true,"href":"https:\/\/safari.mx\/index.php\/wp-json\/wp\/v2\/product_cat?post=39465"},{"taxonomy":"product_tag","embeddable":true,"href":"https:\/\/safari.mx\/index.php\/wp-json\/wp\/v2\/product_tag?post=39465"}],"curies":[{"name":"wp","href":"https:\/\/api.w.org\/{rel}","templated":true}]}}