{"id":39468,"date":"2024-08-13T16:32:52","date_gmt":"2024-08-13T16:32:52","guid":{"rendered":"https:\/\/safari.mx\/index.php\/product\/your-moments-90ml-edt-tous\/"},"modified":"2024-08-13T16:32:59","modified_gmt":"2024-08-13T16:32:59","slug":"your-moments-90ml-edt-tous","status":"publish","type":"product","link":"https:\/\/safari.mx\/index.php\/product\/your-moments-90ml-edt-tous\/","title":{"rendered":"Your Moments 90ml EDT &#8211; Tous"},"content":{"rendered":"<p><strong>ACORDES:<\/strong> Floral blanco, fresco, florales, afrutados, c\u00edtrico, c\u00e1lido especiado, almizclado, dulce, pachul\u00ed.<\/p>\n","protected":false},"excerpt":{"rendered":"<p>Your Moments de Tous es una fragancia de la familia olfativa Chipre Floral para Mujeres. Your Moments se lanz\u00f3 en 2018. Your Moments fue creada por Veronique Nyberg y Violaine Collas. Las Notas de Salida son naranja tangerina, zarzamora (frambuesa negra), chabacano y cardamomo; las Notas de Coraz\u00f3n son peon\u00eda, lirio de los valles (muguete) y jazm\u00edn; las Notas de Fondo son pachul\u00ed y almizcle blanco.<\/p>\n","protected":false},"featured_media":39470,"comment_status":"open","ping_status":"open","template":"","meta":[],"product_cat":[639,596,342,340,353,354,370,343,339,428,431],"product_tag":[],"class_list":{"0":"post-39468","1":"product","2":"type-product","3":"status-publish","4":"has-post-thumbnail","6":"product_cat-perfumes-de-linea-dama-perfumes-de-linea","7":"product_cat-tous-marca","8":"product_cat-clasificacion","9":"product_cat-concentracion","10":"product_cat-disenador-clasificacion","11":"product_cat-eau-de-toilette-concentracion","12":"product_cat-femenino-genero","13":"product_cat-genero","14":"product_cat-marca","15":"product_cat-perfumes-de-linea","16":"product_cat-perfumes-disenador-perfumes-de-linea","17":"ts_product_brand-tous","19":"first","20":"instock","21":"purchasable","22":"product-type-simple","23":"add-to-wishlist-after_add_to_cart"},"aioseo_notices":[],"_links":{"self":[{"href":"https:\/\/safari.mx\/index.php\/wp-json\/wp\/v2\/product\/39468","targetHints":{"allow":["GET"]}}],"collection":[{"href":"https:\/\/safari.mx\/index.php\/wp-json\/wp\/v2\/product"}],"about":[{"href":"https:\/\/safari.mx\/index.php\/wp-json\/wp\/v2\/types\/product"}],"replies":[{"embeddable":true,"href":"https:\/\/safari.mx\/index.php\/wp-json\/wp\/v2\/comments?post=39468"}],"wp:featuredmedia":[{"embeddable":true,"href":"https:\/\/safari.mx\/index.php\/wp-json\/wp\/v2\/media\/39470"}],"wp:attachment":[{"href":"https:\/\/safari.mx\/index.php\/wp-json\/wp\/v2\/media?parent=39468"}],"wp:term":[{"taxonomy":"product_cat","embeddable":true,"href":"https:\/\/safari.mx\/index.php\/wp-json\/wp\/v2\/product_cat?post=39468"},{"taxonomy":"product_tag","embeddable":true,"href":"https:\/\/safari.mx\/index.php\/wp-json\/wp\/v2\/product_tag?post=39468"}],"curies":[{"name":"wp","href":"https:\/\/api.w.org\/{rel}","templated":true}]}}