{"id":39490,"date":"2024-08-13T16:34:41","date_gmt":"2024-08-13T16:34:41","guid":{"rendered":"https:\/\/safari.mx\/index.php\/product\/swiss-army-altitude-100ml-edt-victorinox\/"},"modified":"2024-08-13T16:34:48","modified_gmt":"2024-08-13T16:34:48","slug":"swiss-army-altitude-100ml-edt-victorinox","status":"publish","type":"product","link":"https:\/\/safari.mx\/index.php\/product\/swiss-army-altitude-100ml-edt-victorinox\/","title":{"rendered":"Swiss Army Altitude 100ml EDT &#8211; Victorinox"},"content":{"rendered":"<p><strong>ACORDES:<\/strong> Arom\u00e1tico, amaderado, verde, fresco especiado, herbal, especiado suave, almizclado.<\/p>\n","protected":false},"excerpt":{"rendered":"<p>Swiss Army Altitude de Victorinox Swiss Army es una fragancia de la familia olfativa Amaderada Arom\u00e1tica para Hombres. Swiss Army Altitude se lanz\u00f3 en 2001. Las Notas de Salida son bayas de enebro, cedro de Virginia y cilantro; las Notas de Coraz\u00f3n son menta, salvia y g\u00e1lbano; las Notas de Fondo son notas amaderadas y almizcle.<\/p>\n","protected":false},"featured_media":39492,"comment_status":"open","ping_status":"open","template":"","meta":[],"product_cat":[499,342,340,353,354,343,339,351,428,430,431],"product_tag":[],"class_list":{"0":"post-39490","1":"product","2":"type-product","3":"status-publish","4":"has-post-thumbnail","6":"product_cat-victorinox-marca","7":"product_cat-clasificacion","8":"product_cat-concentracion","9":"product_cat-disenador-clasificacion","10":"product_cat-eau-de-toilette-concentracion","11":"product_cat-genero","12":"product_cat-marca","13":"product_cat-masculino-genero","14":"product_cat-perfumes-de-linea","15":"product_cat-perfumes-de-linea-caballero","16":"product_cat-perfumes-disenador-perfumes-de-linea","17":"ts_product_brand-victorinox","19":"first","20":"instock","21":"purchasable","22":"product-type-simple","23":"add-to-wishlist-after_add_to_cart"},"aioseo_notices":[],"_links":{"self":[{"href":"https:\/\/safari.mx\/index.php\/wp-json\/wp\/v2\/product\/39490","targetHints":{"allow":["GET"]}}],"collection":[{"href":"https:\/\/safari.mx\/index.php\/wp-json\/wp\/v2\/product"}],"about":[{"href":"https:\/\/safari.mx\/index.php\/wp-json\/wp\/v2\/types\/product"}],"replies":[{"embeddable":true,"href":"https:\/\/safari.mx\/index.php\/wp-json\/wp\/v2\/comments?post=39490"}],"wp:featuredmedia":[{"embeddable":true,"href":"https:\/\/safari.mx\/index.php\/wp-json\/wp\/v2\/media\/39492"}],"wp:attachment":[{"href":"https:\/\/safari.mx\/index.php\/wp-json\/wp\/v2\/media?parent=39490"}],"wp:term":[{"taxonomy":"product_cat","embeddable":true,"href":"https:\/\/safari.mx\/index.php\/wp-json\/wp\/v2\/product_cat?post=39490"},{"taxonomy":"product_tag","embeddable":true,"href":"https:\/\/safari.mx\/index.php\/wp-json\/wp\/v2\/product_tag?post=39490"}],"curies":[{"name":"wp","href":"https:\/\/api.w.org\/{rel}","templated":true}]}}