{"id":39505,"date":"2024-08-13T16:35:51","date_gmt":"2024-08-13T16:35:51","guid":{"rendered":"https:\/\/safari.mx\/index.php\/product\/y-100ml-edp-yves-saint-laurent\/"},"modified":"2024-08-13T16:36:00","modified_gmt":"2024-08-13T16:36:00","slug":"y-100ml-edp-yves-saint-laurent","status":"publish","type":"product","link":"https:\/\/safari.mx\/index.php\/product\/y-100ml-edp-yves-saint-laurent\/","title":{"rendered":"Y 100ml EDP &#8211; Yves Saint Laurent"},"content":{"rendered":"<p><strong>ACORDES:<\/strong> Arom\u00e1tico, amaderado, fresco especiado, c\u00e1lido especiado, \u00e1mbar, afrutados, fresco, c\u00edtrico, herbal, verde.<\/p>\n","protected":false},"excerpt":{"rendered":"<p>Y Eau de Parfum de Yves Saint Laurent es una fragancia de la familia olfativa Arom\u00e1tica Foug\u00e8re para Hombres. Y Eau de Parfum se lanz\u00f3 en 2018. La Nariz detr\u00e1s de esta fragancia es Dominique Ropion. Las Notas de Salida son manzana, jengibre y bergamota; las Notas de Coraz\u00f3n son salvia, bayas de enebro y geranio; las Notas de Fondo son Amberwood, haba tonka, cedro, vetiver y incienso de ol\u00edbano (franquincienso).<\/p>\n","protected":false},"featured_media":39506,"comment_status":"open","ping_status":"open","template":"","meta":[],"product_cat":[501,342,340,353,354,343,339,351,428,430,431],"product_tag":[],"class_list":{"0":"post-39505","1":"product","2":"type-product","3":"status-publish","4":"has-post-thumbnail","6":"product_cat-yves-saint-laurent-marca","7":"product_cat-clasificacion","8":"product_cat-concentracion","9":"product_cat-disenador-clasificacion","10":"product_cat-eau-de-toilette-concentracion","11":"product_cat-genero","12":"product_cat-marca","13":"product_cat-masculino-genero","14":"product_cat-perfumes-de-linea","15":"product_cat-perfumes-de-linea-caballero","16":"product_cat-perfumes-disenador-perfumes-de-linea","17":"ts_product_brand-yves-saint-laurent","19":"first","20":"instock","21":"purchasable","22":"product-type-simple","23":"add-to-wishlist-after_add_to_cart"},"aioseo_notices":[],"_links":{"self":[{"href":"https:\/\/safari.mx\/index.php\/wp-json\/wp\/v2\/product\/39505","targetHints":{"allow":["GET"]}}],"collection":[{"href":"https:\/\/safari.mx\/index.php\/wp-json\/wp\/v2\/product"}],"about":[{"href":"https:\/\/safari.mx\/index.php\/wp-json\/wp\/v2\/types\/product"}],"replies":[{"embeddable":true,"href":"https:\/\/safari.mx\/index.php\/wp-json\/wp\/v2\/comments?post=39505"}],"wp:featuredmedia":[{"embeddable":true,"href":"https:\/\/safari.mx\/index.php\/wp-json\/wp\/v2\/media\/39506"}],"wp:attachment":[{"href":"https:\/\/safari.mx\/index.php\/wp-json\/wp\/v2\/media?parent=39505"}],"wp:term":[{"taxonomy":"product_cat","embeddable":true,"href":"https:\/\/safari.mx\/index.php\/wp-json\/wp\/v2\/product_cat?post=39505"},{"taxonomy":"product_tag","embeddable":true,"href":"https:\/\/safari.mx\/index.php\/wp-json\/wp\/v2\/product_tag?post=39505"}],"curies":[{"name":"wp","href":"https:\/\/api.w.org\/{rel}","templated":true}]}}