{"id":39818,"date":"2024-08-13T17:12:11","date_gmt":"2024-08-13T17:12:11","guid":{"rendered":"https:\/\/safari.mx\/index.php\/product\/mouj-intimate-100ml-milestone-2\/"},"modified":"2024-10-04T01:22:04","modified_gmt":"2024-10-04T01:22:04","slug":"mouj-intimate-100ml-milestone-2","status":"publish","type":"product","link":"https:\/\/safari.mx\/index.php\/product\/mouj-intimate-100ml-milestone-2\/","title":{"rendered":"Mouj Intimate &#8211; 100ml &#8211; Milestone"},"content":{"rendered":"<div class=\"elementor-element elementor-element-eaa8454 elementor-widget elementor-widget-woocommerce-product-short-description\" data-id=\"eaa8454\" data-element_type=\"widget\" data-widget_type=\"woocommerce-product-short-description.default\">\n<div class=\"elementor-widget-container\">\n<div class=\"woocommerce-product-details__short-description\">\n<h4>Dupe de Amouage Interlude<\/h4>\n<\/div>\n<\/div>\n<\/div>\n<div class=\"elementor-element elementor-element-111629a elementor-icon-list--layout-traditional elementor-list-item-link-full_width elementor-widget elementor-widget-icon-list\" data-id=\"111629a\" data-element_type=\"widget\" data-widget_type=\"icon-list.default\">\n<div class=\"elementor-widget-container\">\n<p>&nbsp;<\/p>\n<\/div>\n<\/div>\n","protected":false},"excerpt":{"rendered":"<div class=\"elementor-element elementor-element-9ebe222 elementor-widget elementor-widget-woocommerce-product-short-description\" data-id=\"9ebe222\" data-element_type=\"widget\" data-widget_type=\"woocommerce-product-short-description.default\">\n<div class=\"elementor-widget-container\">\n<div class=\"woocommerce-product-details__short-description\">\n<h6 class=\"ui-pdp-description__title\"><em>Mouj Intimate es una incre\u00edble bomba de especias del Medio Oriente que te transporta a un palacio real lleno de las notas arom\u00e1ticas m\u00e1s sofisticadas.\u00a0Su fragancia \u00fanica la convierte en una pieza de perfumer\u00eda contempor\u00e1nea que s\u00f3lo podr\u00eda describirse como incre\u00edblemente audaz y \u00fanica.<\/em><\/h6>\n<h6 id=\"tw-target-text\" class=\"tw-data-text tw-text-large tw-ta\" dir=\"ltr\" data-placeholder=\"Traducci\u00f3n\" data-ved=\"2ahUKEwjXxvap3OyBAxVNLzQIHTIlCjAQ3ewLegQIBhAQ\">Notas de salida<br \/>\nOr\u00e9gano, pimienta, bergamota<br \/>\nNotas de coraz\u00f3n<br \/>\nIncienso, \u00e1mbar, l\u00e1dano<br \/>\nNotas de fondo<br \/>\nCuero, madera de agar (Oud), s\u00e1ndalo, pachul\u00ed<\/h6>\n<\/div>\n<\/div>\n<\/div>\n<div class=\"elementor-element elementor-element-19926bc elementor-woo-meta--view-inline elementor-widget elementor-widget-woocommerce-product-meta\" data-id=\"19926bc\" data-element_type=\"widget\" data-widget_type=\"woocommerce-product-meta.default\">\n<div class=\"elementor-widget-container\">\n<div class=\"product_meta\"><\/div>\n<\/div>\n<\/div>\n","protected":false},"featured_media":39803,"comment_status":"open","ping_status":"closed","template":"","meta":[],"product_cat":[722,671,633,372,342,340,362,343,339,351,428,430,335],"product_tag":[],"class_list":{"0":"post-39818","1":"product","2":"type-product","3":"status-publish","4":"has-post-thumbnail","6":"product_cat-emper-caballero-web-emper","7":"product_cat-milestone-marca","8":"product_cat-perfumes-arabes-perfumes-de-linea","9":"product_cat-arabe-clasificacion","10":"product_cat-clasificacion","11":"product_cat-concentracion","12":"product_cat-eau-de-parfum-concentracion","13":"product_cat-genero","14":"product_cat-marca","15":"product_cat-masculino-genero","16":"product_cat-perfumes-de-linea","17":"product_cat-perfumes-de-linea-caballero","18":"product_cat-web-emper","19":"ts_product_brand-milestone","21":"first","22":"instock","23":"purchasable","24":"product-type-simple","25":"add-to-wishlist-after_add_to_cart"},"aioseo_notices":[],"_links":{"self":[{"href":"https:\/\/safari.mx\/index.php\/wp-json\/wp\/v2\/product\/39818","targetHints":{"allow":["GET"]}}],"collection":[{"href":"https:\/\/safari.mx\/index.php\/wp-json\/wp\/v2\/product"}],"about":[{"href":"https:\/\/safari.mx\/index.php\/wp-json\/wp\/v2\/types\/product"}],"replies":[{"embeddable":true,"href":"https:\/\/safari.mx\/index.php\/wp-json\/wp\/v2\/comments?post=39818"}],"wp:featuredmedia":[{"embeddable":true,"href":"https:\/\/safari.mx\/index.php\/wp-json\/wp\/v2\/media\/39803"}],"wp:attachment":[{"href":"https:\/\/safari.mx\/index.php\/wp-json\/wp\/v2\/media?parent=39818"}],"wp:term":[{"taxonomy":"product_cat","embeddable":true,"href":"https:\/\/safari.mx\/index.php\/wp-json\/wp\/v2\/product_cat?post=39818"},{"taxonomy":"product_tag","embeddable":true,"href":"https:\/\/safari.mx\/index.php\/wp-json\/wp\/v2\/product_tag?post=39818"}],"curies":[{"name":"wp","href":"https:\/\/api.w.org\/{rel}","templated":true}]}}