{"id":39889,"date":"2024-08-13T17:22:26","date_gmt":"2024-08-13T17:22:26","guid":{"rendered":"https:\/\/safari.mx\/index.php\/product\/taxco-80ml-milestone\/"},"modified":"2024-10-04T01:02:20","modified_gmt":"2024-10-04T01:02:20","slug":"taxco-80ml-milestone","status":"publish","type":"product","link":"https:\/\/safari.mx\/index.php\/product\/taxco-80ml-milestone\/","title":{"rendered":"Taxco &#8211; 80ml &#8211; Milestone"},"content":{"rendered":"<div class=\"elementor-element elementor-element-eaa8454 elementor-widget elementor-widget-woocommerce-product-short-description\" data-id=\"eaa8454\" data-element_type=\"widget\" data-widget_type=\"woocommerce-product-short-description.default\">\n<div class=\"elementor-widget-container\">\n<div class=\"woocommerce-product-details__short-description\">\n<h4><em>Inspirado Tuxedo YSL<\/em><\/h4>\n<\/div>\n<\/div>\n<\/div>\n","protected":false},"excerpt":{"rendered":"<div class=\"elementor-element elementor-element-9ebe222 elementor-widget elementor-widget-woocommerce-product-short-description\" data-id=\"9ebe222\" data-element_type=\"widget\" data-widget_type=\"woocommerce-product-short-description.default\">\n<div class=\"elementor-widget-container\">\n<div class=\"woocommerce-product-details__short-description\">\n<h6><em>Un elegante Eau de Parfum que emite un revestimiento fascinante de pura sofisticaci\u00f3n y atractivo magn\u00e9tico. Un aroma que manda, a trav\u00e9s de sus din\u00e1micas notas de cuero. TAXCO es una fragancia similar a una armadura, que siempre ser\u00e1 el s\u00edmbolo de tu poder y opulencia.<\/em><\/h6>\n<\/div>\n<\/div>\n<\/div>\n<div class=\"elementor-element elementor-element-19926bc elementor-woo-meta--view-inline elementor-widget elementor-widget-woocommerce-product-meta\" data-id=\"19926bc\" data-element_type=\"widget\" data-widget_type=\"woocommerce-product-meta.default\">\n<div class=\"elementor-widget-container\">\n<div class=\"product_meta\">Notas de salida<br \/>\nHojas de violeta, cilantro, bergamota<br \/>\nNotas de coraz\u00f3n<br \/>\nRosa, pimienta negra, lirio de los valles<br \/>\nNotas de fondo<br \/>\nPachul\u00ed, \u00e1mbar, vainilla bourbon<\/div>\n<\/div>\n<\/div>\n","protected":false},"featured_media":39845,"comment_status":"open","ping_status":"closed","template":"","meta":[],"product_cat":[722,671,633,372,342,340,362,343,339,428,430,348,335],"product_tag":[],"class_list":{"0":"post-39889","1":"product","2":"type-product","3":"status-publish","4":"has-post-thumbnail","6":"product_cat-emper-caballero-web-emper","7":"product_cat-milestone-marca","8":"product_cat-perfumes-arabes-perfumes-de-linea","9":"product_cat-arabe-clasificacion","10":"product_cat-clasificacion","11":"product_cat-concentracion","12":"product_cat-eau-de-parfum-concentracion","13":"product_cat-genero","14":"product_cat-marca","15":"product_cat-perfumes-de-linea","16":"product_cat-perfumes-de-linea-caballero","17":"product_cat-unisex-genero","18":"product_cat-web-emper","19":"ts_product_brand-milestone","21":"first","22":"instock","23":"purchasable","24":"product-type-simple","25":"add-to-wishlist-after_add_to_cart"},"aioseo_notices":[],"_links":{"self":[{"href":"https:\/\/safari.mx\/index.php\/wp-json\/wp\/v2\/product\/39889","targetHints":{"allow":["GET"]}}],"collection":[{"href":"https:\/\/safari.mx\/index.php\/wp-json\/wp\/v2\/product"}],"about":[{"href":"https:\/\/safari.mx\/index.php\/wp-json\/wp\/v2\/types\/product"}],"replies":[{"embeddable":true,"href":"https:\/\/safari.mx\/index.php\/wp-json\/wp\/v2\/comments?post=39889"}],"wp:featuredmedia":[{"embeddable":true,"href":"https:\/\/safari.mx\/index.php\/wp-json\/wp\/v2\/media\/39845"}],"wp:attachment":[{"href":"https:\/\/safari.mx\/index.php\/wp-json\/wp\/v2\/media?parent=39889"}],"wp:term":[{"taxonomy":"product_cat","embeddable":true,"href":"https:\/\/safari.mx\/index.php\/wp-json\/wp\/v2\/product_cat?post=39889"},{"taxonomy":"product_tag","embeddable":true,"href":"https:\/\/safari.mx\/index.php\/wp-json\/wp\/v2\/product_tag?post=39889"}],"curies":[{"name":"wp","href":"https:\/\/api.w.org\/{rel}","templated":true}]}}