{"id":39901,"date":"2024-08-13T17:23:05","date_gmt":"2024-08-13T17:23:05","guid":{"rendered":"https:\/\/safari.mx\/index.php\/product\/badee-al-oud-amethyst-100ml-lattafa\/"},"modified":"2024-10-03T18:27:53","modified_gmt":"2024-10-03T18:27:53","slug":"badee-al-oud-amethyst-100ml-lattafa","status":"publish","type":"product","link":"https:\/\/safari.mx\/index.php\/product\/badee-al-oud-amethyst-100ml-lattafa\/","title":{"rendered":"Bade&#8217;e Al Oud Amethyst &#8211; 100ml &#8211; Lattafa"},"content":{"rendered":"<p><strong>ACORDES:<\/strong> Oud, Rosas, Ambar, Avainillado, Especiado Suave, Florales.<\/p>\n","protected":false},"excerpt":{"rendered":"<p><b>Bade&#8217;e Al Oud Amethyst<\/b>\u00a0de\u00a0<b>Lattafa Perfumes<\/b>\u00a0es una fragancia de la familia olfativa \u00c1mbar Vainilla para Hombres y Mujeres. Esta fragrancia es nueva.\u00a0<b>Bade&#8217;e Al Oud Amethyst<\/b>\u00a0se lanz\u00f3 en 2021. Las Notas de Salida son pimienta rosa y bergamota; las Notas de Coraz\u00f3n son rosa turca, rosa de Bulgaria (rosa Damascena de Bulgaria) y jazm\u00edn; las Notas de Fondo son madera de oud, \u00e1mbar y vainilla.<\/p>\n","protected":false},"featured_media":30850,"comment_status":"open","ping_status":"closed","template":"","meta":[],"product_cat":[633,639,770,372,342,340,362,370,343,447,339,351,428,430,348],"product_tag":[],"class_list":{"0":"post-39901","1":"product","2":"type-product","3":"status-publish","4":"has-post-thumbnail","6":"product_cat-perfumes-arabes-perfumes-de-linea","7":"product_cat-perfumes-de-linea-dama-perfumes-de-linea","8":"product_cat-perfumes-de-linea-infantiles-perfumes-de-linea","9":"product_cat-arabe-clasificacion","10":"product_cat-clasificacion","11":"product_cat-concentracion","12":"product_cat-eau-de-parfum-concentracion","13":"product_cat-femenino-genero","14":"product_cat-genero","15":"product_cat-lattafa-marca","16":"product_cat-marca","17":"product_cat-masculino-genero","18":"product_cat-perfumes-de-linea","19":"product_cat-perfumes-de-linea-caballero","20":"product_cat-unisex-genero","21":"ts_product_brand-lattafa","23":"first","24":"instock","25":"purchasable","26":"product-type-simple","27":"add-to-wishlist-after_add_to_cart"},"aioseo_notices":[],"_links":{"self":[{"href":"https:\/\/safari.mx\/index.php\/wp-json\/wp\/v2\/product\/39901","targetHints":{"allow":["GET"]}}],"collection":[{"href":"https:\/\/safari.mx\/index.php\/wp-json\/wp\/v2\/product"}],"about":[{"href":"https:\/\/safari.mx\/index.php\/wp-json\/wp\/v2\/types\/product"}],"replies":[{"embeddable":true,"href":"https:\/\/safari.mx\/index.php\/wp-json\/wp\/v2\/comments?post=39901"}],"wp:featuredmedia":[{"embeddable":true,"href":"https:\/\/safari.mx\/index.php\/wp-json\/wp\/v2\/media\/30850"}],"wp:attachment":[{"href":"https:\/\/safari.mx\/index.php\/wp-json\/wp\/v2\/media?parent=39901"}],"wp:term":[{"taxonomy":"product_cat","embeddable":true,"href":"https:\/\/safari.mx\/index.php\/wp-json\/wp\/v2\/product_cat?post=39901"},{"taxonomy":"product_tag","embeddable":true,"href":"https:\/\/safari.mx\/index.php\/wp-json\/wp\/v2\/product_tag?post=39901"}],"curies":[{"name":"wp","href":"https:\/\/api.w.org\/{rel}","templated":true}]}}