{"id":39902,"date":"2024-08-13T17:23:19","date_gmt":"2024-08-13T17:23:19","guid":{"rendered":"https:\/\/safari.mx\/index.php\/product\/badee-al-oud-oud-for-glory-100ml-lattafa\/"},"modified":"2024-10-03T19:34:21","modified_gmt":"2024-10-03T19:34:21","slug":"badee-al-oud-oud-for-glory-100ml-lattafa","status":"publish","type":"product","link":"https:\/\/safari.mx\/index.php\/product\/badee-al-oud-oud-for-glory-100ml-lattafa\/","title":{"rendered":"Bade&#8217;e Al Oud Oud for Glory &#8211; 100ml &#8211; Lattafa"},"content":{"rendered":"<p><strong>ACORDES:<\/strong> Oud, c\u00e1lido especiado, almizclado, fresco especiado, pachul\u00ed, lavanda, atalcado, amaderado, terroso, cuero.<\/p>\n<p>Inspiracion Oud For Greatness<\/p>\n<p>&nbsp;<\/p>\n","protected":false},"excerpt":{"rendered":"<p><b>Bade&#8217;e Al Oud Oud for Glory<\/b>\u00a0de\u00a0<b>Lattafa Perfumes<\/b>\u00a0es una fragancia de la familia olfativa \u00c1mbar Amaderada para Hombres y Mujeres. Esta fragrancia es nueva.\u00a0<b>Bade&#8217;e Al Oud Oud for Glory<\/b>\u00a0se lanz\u00f3 en 2020. Las Notas de Salida son azafr\u00e1n, nuez moscada y lavanda; las Notas de Coraz\u00f3n son madera de oud y pachul\u00ed; las Notas de Fondo son madera de oud, pachul\u00ed y almizcle.<\/p>\n","protected":false},"featured_media":39898,"comment_status":"open","ping_status":"closed","template":"","meta":[],"product_cat":[633,372,342,340,362,343,447,339,351,428,430],"product_tag":[],"class_list":{"0":"post-39902","1":"product","2":"type-product","3":"status-publish","4":"has-post-thumbnail","6":"product_cat-perfumes-arabes-perfumes-de-linea","7":"product_cat-arabe-clasificacion","8":"product_cat-clasificacion","9":"product_cat-concentracion","10":"product_cat-eau-de-parfum-concentracion","11":"product_cat-genero","12":"product_cat-lattafa-marca","13":"product_cat-marca","14":"product_cat-masculino-genero","15":"product_cat-perfumes-de-linea","16":"product_cat-perfumes-de-linea-caballero","17":"ts_product_brand-lattafa","19":"first","20":"instock","21":"purchasable","22":"product-type-simple","23":"add-to-wishlist-after_add_to_cart"},"aioseo_notices":[],"_links":{"self":[{"href":"https:\/\/safari.mx\/index.php\/wp-json\/wp\/v2\/product\/39902","targetHints":{"allow":["GET"]}}],"collection":[{"href":"https:\/\/safari.mx\/index.php\/wp-json\/wp\/v2\/product"}],"about":[{"href":"https:\/\/safari.mx\/index.php\/wp-json\/wp\/v2\/types\/product"}],"replies":[{"embeddable":true,"href":"https:\/\/safari.mx\/index.php\/wp-json\/wp\/v2\/comments?post=39902"}],"wp:featuredmedia":[{"embeddable":true,"href":"https:\/\/safari.mx\/index.php\/wp-json\/wp\/v2\/media\/39898"}],"wp:attachment":[{"href":"https:\/\/safari.mx\/index.php\/wp-json\/wp\/v2\/media?parent=39902"}],"wp:term":[{"taxonomy":"product_cat","embeddable":true,"href":"https:\/\/safari.mx\/index.php\/wp-json\/wp\/v2\/product_cat?post=39902"},{"taxonomy":"product_tag","embeddable":true,"href":"https:\/\/safari.mx\/index.php\/wp-json\/wp\/v2\/product_tag?post=39902"}],"curies":[{"name":"wp","href":"https:\/\/api.w.org\/{rel}","templated":true}]}}