{"id":40044,"date":"2024-08-13T17:41:14","date_gmt":"2024-08-13T17:41:14","guid":{"rendered":"https:\/\/safari.mx\/index.php\/product\/ch-men-passion-100ml-carolina-herrera\/"},"modified":"2024-08-13T17:41:22","modified_gmt":"2024-08-13T17:41:22","slug":"ch-men-passion-100ml-carolina-herrera","status":"publish","type":"product","link":"https:\/\/safari.mx\/index.php\/product\/ch-men-passion-100ml-carolina-herrera\/","title":{"rendered":"CH Men Passion 100Ml &#8211; Carolina Herrera"},"content":{"rendered":"<p><strong>ACORDES:<\/strong> Amaderado, \u00e1mbar, atalcado, iris, c\u00e1lido especiado, fresco especiado, violeta, bals\u00e1mico, avainillado, arom\u00e1tico..<\/p>\n","protected":false},"excerpt":{"rendered":"<p>CH Pasi\u00f3n for Him de Carolina Herrera es una fragancia de la familia olfativa \u00c1mbar Amaderada para Hombres. Esta fragrancia es nueva. CH Pasi\u00f3n for Him se lanz\u00f3 en 2023. CH Pasi\u00f3n for Him fue creada por Antoine Maisondieu y Christophe Raynaud. Las Notas de Salida son incienso de ol\u00edbano (franquincienso), neroli de T\u00fanez y pimienta rosa; las Notas de Coraz\u00f3n son iris, mirra y cedro de Texas; las Notas de Fondo son s\u00e1ndalo australiano, vainilla Bourbon, haba tonka, Amberwood y notas amaderadas oscuras.<\/p>\n","protected":false},"featured_media":40046,"comment_status":"open","ping_status":"open","template":"","meta":[],"product_cat":[385,342,340,353,362,343,339,351,428,430,431],"product_tag":[],"class_list":{"0":"post-40044","1":"product","2":"type-product","3":"status-publish","4":"has-post-thumbnail","6":"product_cat-carolina-herrera-marca","7":"product_cat-clasificacion","8":"product_cat-concentracion","9":"product_cat-disenador-clasificacion","10":"product_cat-eau-de-parfum-concentracion","11":"product_cat-genero","12":"product_cat-marca","13":"product_cat-masculino-genero","14":"product_cat-perfumes-de-linea","15":"product_cat-perfumes-de-linea-caballero","16":"product_cat-perfumes-disenador-perfumes-de-linea","17":"ts_product_brand-carolina-herrera","19":"first","20":"instock","21":"purchasable","22":"product-type-simple","23":"add-to-wishlist-after_add_to_cart"},"aioseo_notices":[],"_links":{"self":[{"href":"https:\/\/safari.mx\/index.php\/wp-json\/wp\/v2\/product\/40044","targetHints":{"allow":["GET"]}}],"collection":[{"href":"https:\/\/safari.mx\/index.php\/wp-json\/wp\/v2\/product"}],"about":[{"href":"https:\/\/safari.mx\/index.php\/wp-json\/wp\/v2\/types\/product"}],"replies":[{"embeddable":true,"href":"https:\/\/safari.mx\/index.php\/wp-json\/wp\/v2\/comments?post=40044"}],"wp:featuredmedia":[{"embeddable":true,"href":"https:\/\/safari.mx\/index.php\/wp-json\/wp\/v2\/media\/40046"}],"wp:attachment":[{"href":"https:\/\/safari.mx\/index.php\/wp-json\/wp\/v2\/media?parent=40044"}],"wp:term":[{"taxonomy":"product_cat","embeddable":true,"href":"https:\/\/safari.mx\/index.php\/wp-json\/wp\/v2\/product_cat?post=40044"},{"taxonomy":"product_tag","embeddable":true,"href":"https:\/\/safari.mx\/index.php\/wp-json\/wp\/v2\/product_tag?post=40044"}],"curies":[{"name":"wp","href":"https:\/\/api.w.org\/{rel}","templated":true}]}}