{"id":40147,"date":"2024-08-13T17:47:30","date_gmt":"2024-08-13T17:47:30","guid":{"rendered":"https:\/\/safari.mx\/index.php\/product\/flowerbomb-100ml-victor-rolf\/"},"modified":"2024-08-13T17:47:36","modified_gmt":"2024-08-13T17:47:36","slug":"flowerbomb-100ml-victor-rolf","status":"publish","type":"product","link":"https:\/\/safari.mx\/index.php\/product\/flowerbomb-100ml-victor-rolf\/","title":{"rendered":"Flowerbomb 100Ml &#8211; Victor &#038; Rolf"},"content":{"rendered":"<p><strong>ACORDES:<\/strong> Florales, pachul\u00ed, floral blanco, amaderado, c\u00edtrico, atalcado, dulce, almizclado, c\u00e1lido especiado, rosas.<\/p>\n","protected":false},"excerpt":{"rendered":"<p>Flowerbomb de Viktor&amp;Rolf es una fragancia de la familia olfativa \u00c1mbar Floral para Mujeres. Flowerbomb se lanz\u00f3 en 2005. Flowerbomb fue creada por Olivier Polge, Carlos Benaim, Domitille Michalon Bertier y Dominique Ropion. Las Notas de Salida son t\u00e9, bergamota y osmanto (olivo oloroso); las Notas de Coraz\u00f3n son orqu\u00eddea, jazm\u00edn, rosa, fresia y flor del naranjo africano; las Notas de Fondo son pachul\u00ed, almizcle y vainilla. Este perfume es el ganador del premio FiFi Award Best National Advertising Campaign \/ Print 2006.<\/p>\n","protected":false},"featured_media":40150,"comment_status":"open","ping_status":"open","template":"","meta":[],"product_cat":[639,497,342,340,353,362,370,343,339,428,431],"product_tag":[],"class_list":{"0":"post-40147","1":"product","2":"type-product","3":"status-publish","4":"has-post-thumbnail","6":"product_cat-perfumes-de-linea-dama-perfumes-de-linea","7":"product_cat-viktor-and-rolf-marca","8":"product_cat-clasificacion","9":"product_cat-concentracion","10":"product_cat-disenador-clasificacion","11":"product_cat-eau-de-parfum-concentracion","12":"product_cat-femenino-genero","13":"product_cat-genero","14":"product_cat-marca","15":"product_cat-perfumes-de-linea","16":"product_cat-perfumes-disenador-perfumes-de-linea","17":"ts_product_brand-viktor-and-rolf","19":"first","20":"instock","21":"purchasable","22":"product-type-simple","23":"add-to-wishlist-after_add_to_cart"},"aioseo_notices":[],"_links":{"self":[{"href":"https:\/\/safari.mx\/index.php\/wp-json\/wp\/v2\/product\/40147","targetHints":{"allow":["GET"]}}],"collection":[{"href":"https:\/\/safari.mx\/index.php\/wp-json\/wp\/v2\/product"}],"about":[{"href":"https:\/\/safari.mx\/index.php\/wp-json\/wp\/v2\/types\/product"}],"replies":[{"embeddable":true,"href":"https:\/\/safari.mx\/index.php\/wp-json\/wp\/v2\/comments?post=40147"}],"wp:featuredmedia":[{"embeddable":true,"href":"https:\/\/safari.mx\/index.php\/wp-json\/wp\/v2\/media\/40150"}],"wp:attachment":[{"href":"https:\/\/safari.mx\/index.php\/wp-json\/wp\/v2\/media?parent=40147"}],"wp:term":[{"taxonomy":"product_cat","embeddable":true,"href":"https:\/\/safari.mx\/index.php\/wp-json\/wp\/v2\/product_cat?post=40147"},{"taxonomy":"product_tag","embeddable":true,"href":"https:\/\/safari.mx\/index.php\/wp-json\/wp\/v2\/product_tag?post=40147"}],"curies":[{"name":"wp","href":"https:\/\/api.w.org\/{rel}","templated":true}]}}