{"id":40156,"date":"2024-08-13T17:47:54","date_gmt":"2024-08-13T17:47:54","guid":{"rendered":"https:\/\/safari.mx\/index.php\/product\/bonbon-90ml-victor-rolf\/"},"modified":"2024-08-13T17:48:02","modified_gmt":"2024-08-13T17:48:02","slug":"bonbon-90ml-victor-rolf","status":"publish","type":"product","link":"https:\/\/safari.mx\/index.php\/product\/bonbon-90ml-victor-rolf\/","title":{"rendered":"Bonbon 90Ml &#8211; Victor &#038; Rolf"},"content":{"rendered":"<p><strong>ACORDES:<\/strong> Caramelo, dulce, c\u00edtrico, floral blanco, afrutados, amaderado, \u00e1mbar, atalcado.<\/p>\n","protected":false},"excerpt":{"rendered":"<p>Bonbon de Viktor&amp;Rolf es una fragancia de la familia olfativa Floral Frutal Gourmand para Mujeres. Bonbon se lanz\u00f3 en 2014. Bonbon fue creada por Cecile Matton y Serge Majoullier. Las Notas de Salida son durazno (melocot\u00f3n), mandarina y naranja; las Notas de Coraz\u00f3n son caramelo, flor de azahar del naranjo y jazm\u00edn; las Notas de Fondo son \u00e1mbar, s\u00e1ndalo, madera de gaiac y cedro.<\/p>\n","protected":false},"featured_media":40158,"comment_status":"open","ping_status":"open","template":"","meta":[],"product_cat":[639,497,342,340,353,362,370,343,339,428,431],"product_tag":[],"class_list":{"0":"post-40156","1":"product","2":"type-product","3":"status-publish","4":"has-post-thumbnail","6":"product_cat-perfumes-de-linea-dama-perfumes-de-linea","7":"product_cat-viktor-and-rolf-marca","8":"product_cat-clasificacion","9":"product_cat-concentracion","10":"product_cat-disenador-clasificacion","11":"product_cat-eau-de-parfum-concentracion","12":"product_cat-femenino-genero","13":"product_cat-genero","14":"product_cat-marca","15":"product_cat-perfumes-de-linea","16":"product_cat-perfumes-disenador-perfumes-de-linea","17":"ts_product_brand-viktor-and-rolf","19":"first","20":"instock","21":"purchasable","22":"product-type-simple","23":"add-to-wishlist-after_add_to_cart"},"aioseo_notices":[],"_links":{"self":[{"href":"https:\/\/safari.mx\/index.php\/wp-json\/wp\/v2\/product\/40156","targetHints":{"allow":["GET"]}}],"collection":[{"href":"https:\/\/safari.mx\/index.php\/wp-json\/wp\/v2\/product"}],"about":[{"href":"https:\/\/safari.mx\/index.php\/wp-json\/wp\/v2\/types\/product"}],"replies":[{"embeddable":true,"href":"https:\/\/safari.mx\/index.php\/wp-json\/wp\/v2\/comments?post=40156"}],"wp:featuredmedia":[{"embeddable":true,"href":"https:\/\/safari.mx\/index.php\/wp-json\/wp\/v2\/media\/40158"}],"wp:attachment":[{"href":"https:\/\/safari.mx\/index.php\/wp-json\/wp\/v2\/media?parent=40156"}],"wp:term":[{"taxonomy":"product_cat","embeddable":true,"href":"https:\/\/safari.mx\/index.php\/wp-json\/wp\/v2\/product_cat?post=40156"},{"taxonomy":"product_tag","embeddable":true,"href":"https:\/\/safari.mx\/index.php\/wp-json\/wp\/v2\/product_tag?post=40156"}],"curies":[{"name":"wp","href":"https:\/\/api.w.org\/{rel}","templated":true}]}}