{"id":40165,"date":"2024-08-13T17:48:29","date_gmt":"2024-08-13T17:48:29","guid":{"rendered":"https:\/\/safari.mx\/index.php\/product\/amber-oud-bleu-edition-100ml-al-haramain-2\/"},"modified":"2024-08-13T17:48:36","modified_gmt":"2024-08-13T17:48:36","slug":"amber-oud-bleu-edition-100ml-al-haramain-2","status":"publish","type":"product","link":"https:\/\/safari.mx\/index.php\/product\/amber-oud-bleu-edition-100ml-al-haramain-2\/","title":{"rendered":"Amber Oud Bleu Edition 100Ml &#8211; Al Haramain"},"content":{"rendered":"<p><strong>ACORDES:<\/strong> Amaderado, c\u00edtrico, c\u00e1lido especiado, arom\u00e1tico, fresco especiado, \u00e1mbar, verde, pachul\u00ed, terrosos, bals\u00e1mico.<\/p>\n","protected":false},"excerpt":{"rendered":"<p>Amber Oud Bleu Edition de Al Haramain Perfumes es una fragancia de la familia olfativa para Hombres y Mujeres. Esta fragrancia es nueva. Amber Oud Bleu Edition se lanz\u00f3 en 2022. Las Notas de Salida son toronja (pomelo), lim\u00f3n (lima \u00e1cida), menta y pimienta rosa; las Notas de Coraz\u00f3n son jengibre, vetiver y jazm\u00edn; las Notas de Fondo son incienso de ol\u00edbano (franquincienso), s\u00e1ndalo, pachul\u00ed y cedro.<\/p>\n","protected":false},"featured_media":40166,"comment_status":"open","ping_status":"open","template":"","meta":[],"product_cat":[519,633,372,342,340,362,343,339,351,428,430],"product_tag":[],"class_list":{"0":"post-40165","1":"product","2":"type-product","3":"status-publish","4":"has-post-thumbnail","6":"product_cat-al-haramain","7":"product_cat-perfumes-arabes-perfumes-de-linea","8":"product_cat-arabe-clasificacion","9":"product_cat-clasificacion","10":"product_cat-concentracion","11":"product_cat-eau-de-parfum-concentracion","12":"product_cat-genero","13":"product_cat-marca","14":"product_cat-masculino-genero","15":"product_cat-perfumes-de-linea","16":"product_cat-perfumes-de-linea-caballero","17":"ts_product_brand-al-haramain","19":"first","20":"instock","21":"purchasable","22":"product-type-simple","23":"add-to-wishlist-after_add_to_cart"},"aioseo_notices":[],"_links":{"self":[{"href":"https:\/\/safari.mx\/index.php\/wp-json\/wp\/v2\/product\/40165","targetHints":{"allow":["GET"]}}],"collection":[{"href":"https:\/\/safari.mx\/index.php\/wp-json\/wp\/v2\/product"}],"about":[{"href":"https:\/\/safari.mx\/index.php\/wp-json\/wp\/v2\/types\/product"}],"replies":[{"embeddable":true,"href":"https:\/\/safari.mx\/index.php\/wp-json\/wp\/v2\/comments?post=40165"}],"wp:featuredmedia":[{"embeddable":true,"href":"https:\/\/safari.mx\/index.php\/wp-json\/wp\/v2\/media\/40166"}],"wp:attachment":[{"href":"https:\/\/safari.mx\/index.php\/wp-json\/wp\/v2\/media?parent=40165"}],"wp:term":[{"taxonomy":"product_cat","embeddable":true,"href":"https:\/\/safari.mx\/index.php\/wp-json\/wp\/v2\/product_cat?post=40165"},{"taxonomy":"product_tag","embeddable":true,"href":"https:\/\/safari.mx\/index.php\/wp-json\/wp\/v2\/product_tag?post=40165"}],"curies":[{"name":"wp","href":"https:\/\/api.w.org\/{rel}","templated":true}]}}