{"id":40199,"date":"2024-08-13T17:50:33","date_gmt":"2024-08-13T17:50:33","guid":{"rendered":"https:\/\/safari.mx\/index.php\/product\/club-de-nuit-precieux-55-ml-armaf\/"},"modified":"2024-08-13T17:50:39","modified_gmt":"2024-08-13T17:50:39","slug":"hunter-100ml-armaf-2","status":"publish","type":"product","link":"https:\/\/safari.mx\/index.php\/product\/hunter-100ml-armaf-2\/","title":{"rendered":"Hunter 100Ml- Armaf"},"content":{"rendered":"<p><strong>ACORDES:<\/strong> Amaderado, arom\u00e1tico, floral amarillo, c\u00edtrico, fresco especiado, c\u00e1lido especiado, nardos, dulce, floral blanco.<\/p>\n","protected":false},"excerpt":{"rendered":"<p>Hunter Men de Armaf es una fragancia de la familia olfativa Almizcle Amaderado Floral para Hombres. Las Notas de Salida son toronja (pomelo), agujas de cedro, romero y cardamomo; las Notas de Coraz\u00f3n son ylang-ylang, nardos y incienso de ol\u00edbano (franquincienso); las Notas de Fondo son cedro, s\u00e1ndalo y vetiver.<\/p>\n","protected":false},"featured_media":40200,"comment_status":"open","ping_status":"open","template":"","meta":[],"product_cat":[633,372,373,342,340,362,343,339,351,428,430],"product_tag":[],"class_list":{"0":"post-40199","1":"product","2":"type-product","3":"status-publish","4":"has-post-thumbnail","6":"product_cat-perfumes-arabes-perfumes-de-linea","7":"product_cat-arabe-clasificacion","8":"product_cat-armaf-marca","9":"product_cat-clasificacion","10":"product_cat-concentracion","11":"product_cat-eau-de-parfum-concentracion","12":"product_cat-genero","13":"product_cat-marca","14":"product_cat-masculino-genero","15":"product_cat-perfumes-de-linea","16":"product_cat-perfumes-de-linea-caballero","17":"ts_product_brand-armaf","19":"first","20":"instock","21":"purchasable","22":"product-type-simple","23":"add-to-wishlist-after_add_to_cart"},"aioseo_notices":[],"_links":{"self":[{"href":"https:\/\/safari.mx\/index.php\/wp-json\/wp\/v2\/product\/40199","targetHints":{"allow":["GET"]}}],"collection":[{"href":"https:\/\/safari.mx\/index.php\/wp-json\/wp\/v2\/product"}],"about":[{"href":"https:\/\/safari.mx\/index.php\/wp-json\/wp\/v2\/types\/product"}],"replies":[{"embeddable":true,"href":"https:\/\/safari.mx\/index.php\/wp-json\/wp\/v2\/comments?post=40199"}],"wp:featuredmedia":[{"embeddable":true,"href":"https:\/\/safari.mx\/index.php\/wp-json\/wp\/v2\/media\/40200"}],"wp:attachment":[{"href":"https:\/\/safari.mx\/index.php\/wp-json\/wp\/v2\/media?parent=40199"}],"wp:term":[{"taxonomy":"product_cat","embeddable":true,"href":"https:\/\/safari.mx\/index.php\/wp-json\/wp\/v2\/product_cat?post=40199"},{"taxonomy":"product_tag","embeddable":true,"href":"https:\/\/safari.mx\/index.php\/wp-json\/wp\/v2\/product_tag?post=40199"}],"curies":[{"name":"wp","href":"https:\/\/api.w.org\/{rel}","templated":true}]}}