{"id":40207,"date":"2024-08-13T17:51:02","date_gmt":"2024-08-13T17:51:02","guid":{"rendered":"https:\/\/safari.mx\/index.php\/product\/tag-him-pour-homme-100ml-armaf\/"},"modified":"2024-08-13T17:51:10","modified_gmt":"2024-08-13T17:51:10","slug":"tag-him-pour-homme-100ml-armaf","status":"publish","type":"product","link":"https:\/\/safari.mx\/index.php\/product\/tag-him-pour-homme-100ml-armaf\/","title":{"rendered":"Tag Him Pour Homme 100Ml- Armaf"},"content":{"rendered":"<p><strong>ACORDES:<\/strong> C\u00edtrico, arom\u00e1tico, amaderado, fresco especiado, c\u00e1lido especiado, verde, terrosos.<\/p>\n","protected":false},"excerpt":{"rendered":"<p>Tag-Him de Armaf es una fragancia de la familia olfativa Amaderada Especiada para Hombres. Las Notas de Salida son toronja (pomelo), lim\u00f3n (lima \u00e1cida), pimienta rosa y bergamota; las Notas de Coraz\u00f3n son jengibre, menta, lavanda y nuez moscada; las Notas de Fondo son vetiver, s\u00e1ndalo, pachul\u00ed y cedro.<\/p>\n","protected":false},"featured_media":40210,"comment_status":"open","ping_status":"open","template":"","meta":[],"product_cat":[633,372,373,342,340,362,343,339,351,428,430],"product_tag":[],"class_list":{"0":"post-40207","1":"product","2":"type-product","3":"status-publish","4":"has-post-thumbnail","6":"product_cat-perfumes-arabes-perfumes-de-linea","7":"product_cat-arabe-clasificacion","8":"product_cat-armaf-marca","9":"product_cat-clasificacion","10":"product_cat-concentracion","11":"product_cat-eau-de-parfum-concentracion","12":"product_cat-genero","13":"product_cat-marca","14":"product_cat-masculino-genero","15":"product_cat-perfumes-de-linea","16":"product_cat-perfumes-de-linea-caballero","17":"ts_product_brand-armaf","19":"first","20":"instock","21":"purchasable","22":"product-type-simple","23":"add-to-wishlist-after_add_to_cart"},"aioseo_notices":[],"_links":{"self":[{"href":"https:\/\/safari.mx\/index.php\/wp-json\/wp\/v2\/product\/40207","targetHints":{"allow":["GET"]}}],"collection":[{"href":"https:\/\/safari.mx\/index.php\/wp-json\/wp\/v2\/product"}],"about":[{"href":"https:\/\/safari.mx\/index.php\/wp-json\/wp\/v2\/types\/product"}],"replies":[{"embeddable":true,"href":"https:\/\/safari.mx\/index.php\/wp-json\/wp\/v2\/comments?post=40207"}],"wp:featuredmedia":[{"embeddable":true,"href":"https:\/\/safari.mx\/index.php\/wp-json\/wp\/v2\/media\/40210"}],"wp:attachment":[{"href":"https:\/\/safari.mx\/index.php\/wp-json\/wp\/v2\/media?parent=40207"}],"wp:term":[{"taxonomy":"product_cat","embeddable":true,"href":"https:\/\/safari.mx\/index.php\/wp-json\/wp\/v2\/product_cat?post=40207"},{"taxonomy":"product_tag","embeddable":true,"href":"https:\/\/safari.mx\/index.php\/wp-json\/wp\/v2\/product_tag?post=40207"}],"curies":[{"name":"wp","href":"https:\/\/api.w.org\/{rel}","templated":true}]}}