{"id":40260,"date":"2024-08-13T17:54:24","date_gmt":"2024-08-13T17:54:24","guid":{"rendered":"https:\/\/safari.mx\/index.php\/product\/eternal-oud-100ml-lattafa\/"},"modified":"2024-08-13T17:54:32","modified_gmt":"2024-08-13T17:54:32","slug":"eternal-oud-100ml-lattafa","status":"publish","type":"product","link":"https:\/\/safari.mx\/index.php\/product\/eternal-oud-100ml-lattafa\/","title":{"rendered":"Eternal Oud 100Ml &#8211; Lattafa"},"content":{"rendered":"<p><strong>ACORDES:<\/strong> \u00c1mbar, avainillado, dulce, atalcado, afrutados.<\/p>\n<p>&nbsp;<\/p>\n","protected":false},"excerpt":{"rendered":"<p>Eternal Oud de Lattafa Perfumes es una fragancia de la familia olfativa \u00c1mbar para Hombres y Mujeres. Esta fragrancia es nueva. Eternal Oud se lanz\u00f3 en 2022. Las Notas de Salida son ciruela y toronja (pomelo); las Notas de Coraz\u00f3n son heliotropo y orqu\u00eddea; las Notas de Fondo son \u00e1mbar, benju\u00ed, vainilla, l\u00e1dano, haba tonka y madera de oud.<\/p>\n","protected":false},"featured_media":40262,"comment_status":"open","ping_status":"open","template":"","meta":[],"product_cat":[633,372,342,340,362,343,447,339,351,428,430],"product_tag":[],"class_list":{"0":"post-40260","1":"product","2":"type-product","3":"status-publish","4":"has-post-thumbnail","6":"product_cat-perfumes-arabes-perfumes-de-linea","7":"product_cat-arabe-clasificacion","8":"product_cat-clasificacion","9":"product_cat-concentracion","10":"product_cat-eau-de-parfum-concentracion","11":"product_cat-genero","12":"product_cat-lattafa-marca","13":"product_cat-marca","14":"product_cat-masculino-genero","15":"product_cat-perfumes-de-linea","16":"product_cat-perfumes-de-linea-caballero","17":"ts_product_brand-lattafa","19":"first","20":"instock","21":"purchasable","22":"product-type-simple","23":"add-to-wishlist-after_add_to_cart"},"aioseo_notices":[],"_links":{"self":[{"href":"https:\/\/safari.mx\/index.php\/wp-json\/wp\/v2\/product\/40260","targetHints":{"allow":["GET"]}}],"collection":[{"href":"https:\/\/safari.mx\/index.php\/wp-json\/wp\/v2\/product"}],"about":[{"href":"https:\/\/safari.mx\/index.php\/wp-json\/wp\/v2\/types\/product"}],"replies":[{"embeddable":true,"href":"https:\/\/safari.mx\/index.php\/wp-json\/wp\/v2\/comments?post=40260"}],"wp:featuredmedia":[{"embeddable":true,"href":"https:\/\/safari.mx\/index.php\/wp-json\/wp\/v2\/media\/40262"}],"wp:attachment":[{"href":"https:\/\/safari.mx\/index.php\/wp-json\/wp\/v2\/media?parent=40260"}],"wp:term":[{"taxonomy":"product_cat","embeddable":true,"href":"https:\/\/safari.mx\/index.php\/wp-json\/wp\/v2\/product_cat?post=40260"},{"taxonomy":"product_tag","embeddable":true,"href":"https:\/\/safari.mx\/index.php\/wp-json\/wp\/v2\/product_tag?post=40260"}],"curies":[{"name":"wp","href":"https:\/\/api.w.org\/{rel}","templated":true}]}}