{"id":40266,"date":"2024-08-13T17:54:46","date_gmt":"2024-08-13T17:54:46","guid":{"rendered":"https:\/\/safari.mx\/index.php\/product\/ejaazi-silver-100ml-lattafa\/"},"modified":"2024-08-13T17:54:54","modified_gmt":"2024-08-13T17:54:54","slug":"ejaazi-silver-100ml-lattafa","status":"publish","type":"product","link":"https:\/\/safari.mx\/index.php\/product\/ejaazi-silver-100ml-lattafa\/","title":{"rendered":"Ejaazi Silver 100Ml &#8211; Lattafa"},"content":{"rendered":"<p><strong>ACORDES:<\/strong> C\u00edtrico, amaderado, \u00e1mbar, marino, arom\u00e1tico, musgoso, terrosos, atalcado, salado.<\/p>\n<p>&nbsp;<\/p>\n","protected":false},"excerpt":{"rendered":"<p>Ejaazi Intensive Silver de Lattafa Perfumes es una fragancia de la familia olfativa Arom\u00e1tica Frutal para Hombres y Mujeres. Ejaazi Intensive Silver se lanz\u00f3 en 2021. Las Notas de Salida son mandarina y toronja (pomelo); las Notas de Coraz\u00f3n son cedro y notas marinas; las Notas de Fondo son \u00e1mbar y musgo.<\/p>\n","protected":false},"featured_media":40269,"comment_status":"open","ping_status":"open","template":"","meta":[],"product_cat":[633,372,342,340,362,343,447,339,351,428,430],"product_tag":[],"class_list":{"0":"post-40266","1":"product","2":"type-product","3":"status-publish","4":"has-post-thumbnail","6":"product_cat-perfumes-arabes-perfumes-de-linea","7":"product_cat-arabe-clasificacion","8":"product_cat-clasificacion","9":"product_cat-concentracion","10":"product_cat-eau-de-parfum-concentracion","11":"product_cat-genero","12":"product_cat-lattafa-marca","13":"product_cat-marca","14":"product_cat-masculino-genero","15":"product_cat-perfumes-de-linea","16":"product_cat-perfumes-de-linea-caballero","17":"ts_product_brand-lattafa","19":"first","20":"instock","21":"purchasable","22":"product-type-simple","23":"add-to-wishlist-after_add_to_cart"},"aioseo_notices":[],"_links":{"self":[{"href":"https:\/\/safari.mx\/index.php\/wp-json\/wp\/v2\/product\/40266","targetHints":{"allow":["GET"]}}],"collection":[{"href":"https:\/\/safari.mx\/index.php\/wp-json\/wp\/v2\/product"}],"about":[{"href":"https:\/\/safari.mx\/index.php\/wp-json\/wp\/v2\/types\/product"}],"replies":[{"embeddable":true,"href":"https:\/\/safari.mx\/index.php\/wp-json\/wp\/v2\/comments?post=40266"}],"wp:featuredmedia":[{"embeddable":true,"href":"https:\/\/safari.mx\/index.php\/wp-json\/wp\/v2\/media\/40269"}],"wp:attachment":[{"href":"https:\/\/safari.mx\/index.php\/wp-json\/wp\/v2\/media?parent=40266"}],"wp:term":[{"taxonomy":"product_cat","embeddable":true,"href":"https:\/\/safari.mx\/index.php\/wp-json\/wp\/v2\/product_cat?post=40266"},{"taxonomy":"product_tag","embeddable":true,"href":"https:\/\/safari.mx\/index.php\/wp-json\/wp\/v2\/product_tag?post=40266"}],"curies":[{"name":"wp","href":"https:\/\/api.w.org\/{rel}","templated":true}]}}