{"id":40298,"date":"2024-08-13T17:56:44","date_gmt":"2024-08-13T17:56:44","guid":{"rendered":"https:\/\/safari.mx\/index.php\/product\/tharwah-gold-100ml-lattafa\/"},"modified":"2024-08-13T17:56:50","modified_gmt":"2024-08-13T17:56:50","slug":"tharwah-gold-100ml-lattafa","status":"publish","type":"product","link":"https:\/\/safari.mx\/index.php\/product\/tharwah-gold-100ml-lattafa\/","title":{"rendered":"Tharwah Gold 100Ml &#8211; Lattafa"},"content":{"rendered":"<p><strong>ACORDES:<\/strong> Floral blanco, c\u00edtrico, lavanda, avainillado, \u00e1mbar, arom\u00e1tico, fresco especiado, dulce, atalcado, anim\u00e1lico.<\/p>\n","protected":false},"excerpt":{"rendered":"<p>Tharwah Gold de Lattafa Perfumes es una fragancia de la familia olfativa \u00c1mbar Floral para Mujeres. Esta fragrancia es nueva. Tharwah Gold se lanz\u00f3 en 2022. Las Notas de Salida son lavanda y bergamota; las Notas de Coraz\u00f3n son flor de azahar del naranjo y jazm\u00edn egipcio; las Notas de Fondo son vainilla, \u00e1mbar y vetiver.<\/p>\n","protected":false},"featured_media":40299,"comment_status":"open","ping_status":"open","template":"","meta":[],"product_cat":[633,639,372,342,340,362,370,343,447,339,428],"product_tag":[],"class_list":{"0":"post-40298","1":"product","2":"type-product","3":"status-publish","4":"has-post-thumbnail","6":"product_cat-perfumes-arabes-perfumes-de-linea","7":"product_cat-perfumes-de-linea-dama-perfumes-de-linea","8":"product_cat-arabe-clasificacion","9":"product_cat-clasificacion","10":"product_cat-concentracion","11":"product_cat-eau-de-parfum-concentracion","12":"product_cat-femenino-genero","13":"product_cat-genero","14":"product_cat-lattafa-marca","15":"product_cat-marca","16":"product_cat-perfumes-de-linea","17":"ts_product_brand-lattafa","19":"first","20":"instock","21":"purchasable","22":"product-type-simple","23":"add-to-wishlist-after_add_to_cart"},"aioseo_notices":[],"_links":{"self":[{"href":"https:\/\/safari.mx\/index.php\/wp-json\/wp\/v2\/product\/40298","targetHints":{"allow":["GET"]}}],"collection":[{"href":"https:\/\/safari.mx\/index.php\/wp-json\/wp\/v2\/product"}],"about":[{"href":"https:\/\/safari.mx\/index.php\/wp-json\/wp\/v2\/types\/product"}],"replies":[{"embeddable":true,"href":"https:\/\/safari.mx\/index.php\/wp-json\/wp\/v2\/comments?post=40298"}],"wp:featuredmedia":[{"embeddable":true,"href":"https:\/\/safari.mx\/index.php\/wp-json\/wp\/v2\/media\/40299"}],"wp:attachment":[{"href":"https:\/\/safari.mx\/index.php\/wp-json\/wp\/v2\/media?parent=40298"}],"wp:term":[{"taxonomy":"product_cat","embeddable":true,"href":"https:\/\/safari.mx\/index.php\/wp-json\/wp\/v2\/product_cat?post=40298"},{"taxonomy":"product_tag","embeddable":true,"href":"https:\/\/safari.mx\/index.php\/wp-json\/wp\/v2\/product_tag?post=40298"}],"curies":[{"name":"wp","href":"https:\/\/api.w.org\/{rel}","templated":true}]}}