{"id":40310,"date":"2024-08-13T17:57:39","date_gmt":"2024-08-13T17:57:39","guid":{"rendered":"https:\/\/safari.mx\/index.php\/product\/ishq-al-shuyukh-silver-100ml-lattafa\/"},"modified":"2024-08-13T17:57:48","modified_gmt":"2024-08-13T17:57:48","slug":"ishq-al-shuyukh-silver-100ml-lattafa","status":"publish","type":"product","link":"https:\/\/safari.mx\/index.php\/product\/ishq-al-shuyukh-silver-100ml-lattafa\/","title":{"rendered":"Ishq Al Shuyukh Silver 100Ml &#8211; Lattafa"},"content":{"rendered":"<p><strong>ACORDES:<\/strong> Dulce, afrutados, avainillado, fresco especiado, c\u00edtrico, amaderado, tropical, c\u00e1lido especiado, fresco, atalcado.<\/p>\n","protected":false},"excerpt":{"rendered":"<p>Ishq Al Shuyukh Silver de Lattafa Perfumes es una fragancia de la familia olfativa \u00c1mbar para Hombres y Mujeres. Esta fragrancia es nueva. Ishq Al Shuyukh Silver se lanz\u00f3 en 2022. Las Notas de Salida son lim\u00f3n (lima \u00e1cida) y bergamota; las Notas de Coraz\u00f3n son pi\u00f1a y pimienta negra; las Notas de Fondo son vainilla, cedro, Amberwood y pachul\u00ed.<\/p>\n","protected":false},"featured_media":40312,"comment_status":"open","ping_status":"open","template":"","meta":[],"product_cat":[633,372,342,340,362,343,447,339,428,430,348],"product_tag":[],"class_list":{"0":"post-40310","1":"product","2":"type-product","3":"status-publish","4":"has-post-thumbnail","6":"product_cat-perfumes-arabes-perfumes-de-linea","7":"product_cat-arabe-clasificacion","8":"product_cat-clasificacion","9":"product_cat-concentracion","10":"product_cat-eau-de-parfum-concentracion","11":"product_cat-genero","12":"product_cat-lattafa-marca","13":"product_cat-marca","14":"product_cat-perfumes-de-linea","15":"product_cat-perfumes-de-linea-caballero","16":"product_cat-unisex-genero","18":"first","19":"instock","20":"purchasable","21":"product-type-simple","22":"add-to-wishlist-after_add_to_cart"},"aioseo_notices":[],"_links":{"self":[{"href":"https:\/\/safari.mx\/index.php\/wp-json\/wp\/v2\/product\/40310","targetHints":{"allow":["GET"]}}],"collection":[{"href":"https:\/\/safari.mx\/index.php\/wp-json\/wp\/v2\/product"}],"about":[{"href":"https:\/\/safari.mx\/index.php\/wp-json\/wp\/v2\/types\/product"}],"replies":[{"embeddable":true,"href":"https:\/\/safari.mx\/index.php\/wp-json\/wp\/v2\/comments?post=40310"}],"wp:featuredmedia":[{"embeddable":true,"href":"https:\/\/safari.mx\/index.php\/wp-json\/wp\/v2\/media\/40312"}],"wp:attachment":[{"href":"https:\/\/safari.mx\/index.php\/wp-json\/wp\/v2\/media?parent=40310"}],"wp:term":[{"taxonomy":"product_cat","embeddable":true,"href":"https:\/\/safari.mx\/index.php\/wp-json\/wp\/v2\/product_cat?post=40310"},{"taxonomy":"product_tag","embeddable":true,"href":"https:\/\/safari.mx\/index.php\/wp-json\/wp\/v2\/product_tag?post=40310"}],"curies":[{"name":"wp","href":"https:\/\/api.w.org\/{rel}","templated":true}]}}