{"id":40327,"date":"2024-08-13T17:59:13","date_gmt":"2024-08-13T17:59:13","guid":{"rendered":"https:\/\/safari.mx\/index.php\/product\/bright-peach-80ml-maison-alhambra\/"},"modified":"2024-08-13T17:59:23","modified_gmt":"2024-08-13T17:59:23","slug":"bright-peach-80ml-maison-alhambra","status":"publish","type":"product","link":"https:\/\/safari.mx\/index.php\/product\/bright-peach-80ml-maison-alhambra\/","title":{"rendered":"Bright Peach 80Ml &#8211; Maison Alhambra"},"content":{"rendered":"<p><strong>Acordes:<\/strong> Afrutados, dulce, amielado, amaderado, c\u00edtrico, verde, c\u00e1lido especiado, pachul\u00ed, atalcado, florales.<\/p>\n","protected":false},"excerpt":{"rendered":"<p>Bright Peach de Maison Alhambra es una fragancia de la familia olfativa para Hombres y Mujeres. Las Notas de Salida son durazno (melocot\u00f3n), naranja sanguina y hojas verdes; la Nota de Coraz\u00f3n es pachul\u00ed; las Notas de Fondo son miel y co\u00f1ac.<\/p>\n","protected":false},"featured_media":40328,"comment_status":"open","ping_status":"open","template":"","meta":[],"product_cat":[571,633,372,342,340,362,343,339,351,428,430,348],"product_tag":[],"class_list":{"0":"post-40327","1":"product","2":"type-product","3":"status-publish","4":"has-post-thumbnail","6":"product_cat-maison-alhambra-marca","7":"product_cat-perfumes-arabes-perfumes-de-linea","8":"product_cat-arabe-clasificacion","9":"product_cat-clasificacion","10":"product_cat-concentracion","11":"product_cat-eau-de-parfum-concentracion","12":"product_cat-genero","13":"product_cat-marca","14":"product_cat-masculino-genero","15":"product_cat-perfumes-de-linea","16":"product_cat-perfumes-de-linea-caballero","17":"product_cat-unisex-genero","18":"ts_product_brand-maison-alhambra","20":"first","21":"instock","22":"purchasable","23":"product-type-simple","24":"add-to-wishlist-after_add_to_cart"},"aioseo_notices":[],"_links":{"self":[{"href":"https:\/\/safari.mx\/index.php\/wp-json\/wp\/v2\/product\/40327","targetHints":{"allow":["GET"]}}],"collection":[{"href":"https:\/\/safari.mx\/index.php\/wp-json\/wp\/v2\/product"}],"about":[{"href":"https:\/\/safari.mx\/index.php\/wp-json\/wp\/v2\/types\/product"}],"replies":[{"embeddable":true,"href":"https:\/\/safari.mx\/index.php\/wp-json\/wp\/v2\/comments?post=40327"}],"wp:featuredmedia":[{"embeddable":true,"href":"https:\/\/safari.mx\/index.php\/wp-json\/wp\/v2\/media\/40328"}],"wp:attachment":[{"href":"https:\/\/safari.mx\/index.php\/wp-json\/wp\/v2\/media?parent=40327"}],"wp:term":[{"taxonomy":"product_cat","embeddable":true,"href":"https:\/\/safari.mx\/index.php\/wp-json\/wp\/v2\/product_cat?post=40327"},{"taxonomy":"product_tag","embeddable":true,"href":"https:\/\/safari.mx\/index.php\/wp-json\/wp\/v2\/product_tag?post=40327"}],"curies":[{"name":"wp","href":"https:\/\/api.w.org\/{rel}","templated":true}]}}