{"id":40476,"date":"2024-08-13T18:19:16","date_gmt":"2024-08-13T18:19:16","guid":{"rendered":"https:\/\/safari.mx\/index.php\/product\/ilang-62-100ml-emper\/"},"modified":"2024-08-13T18:19:22","modified_gmt":"2024-08-13T18:19:22","slug":"ilang-62-100ml-emper","status":"publish","type":"product","link":"https:\/\/safari.mx\/index.php\/product\/ilang-62-100ml-emper\/","title":{"rendered":"Ilang 62 100Ml &#8211; Emper"},"content":{"rendered":"<p><strong>Acordes:<\/strong> Amaderado, Atacado, Cuero, C\u00e1lido Especiado, Violeta.<\/p>\n","protected":false},"excerpt":{"rendered":"<p>Notas de salida Pachul\u00ed, ylang-ylang, musgo de roble. Notas de coraz\u00f3n Gardenia de Tahit\u00ed, jazm\u00edn, vetiver. Notas de fondo Benju\u00ed, s\u00e1ndalo.<\/p>\n","protected":false},"featured_media":40477,"comment_status":"open","ping_status":"open","template":"","meta":[],"product_cat":[690,633,340,362,343,339,428,348,335],"product_tag":[],"class_list":{"0":"post-40476","1":"product","2":"type-product","3":"status-publish","4":"has-post-thumbnail","6":"product_cat-emper","7":"product_cat-perfumes-arabes-perfumes-de-linea","8":"product_cat-concentracion","9":"product_cat-eau-de-parfum-concentracion","10":"product_cat-genero","11":"product_cat-marca","12":"product_cat-perfumes-de-linea","13":"product_cat-unisex-genero","14":"product_cat-web-emper","15":"ts_product_brand-emper","17":"first","18":"instock","19":"purchasable","20":"product-type-simple","21":"add-to-wishlist-after_add_to_cart"},"aioseo_notices":[],"_links":{"self":[{"href":"https:\/\/safari.mx\/index.php\/wp-json\/wp\/v2\/product\/40476","targetHints":{"allow":["GET"]}}],"collection":[{"href":"https:\/\/safari.mx\/index.php\/wp-json\/wp\/v2\/product"}],"about":[{"href":"https:\/\/safari.mx\/index.php\/wp-json\/wp\/v2\/types\/product"}],"replies":[{"embeddable":true,"href":"https:\/\/safari.mx\/index.php\/wp-json\/wp\/v2\/comments?post=40476"}],"wp:featuredmedia":[{"embeddable":true,"href":"https:\/\/safari.mx\/index.php\/wp-json\/wp\/v2\/media\/40477"}],"wp:attachment":[{"href":"https:\/\/safari.mx\/index.php\/wp-json\/wp\/v2\/media?parent=40476"}],"wp:term":[{"taxonomy":"product_cat","embeddable":true,"href":"https:\/\/safari.mx\/index.php\/wp-json\/wp\/v2\/product_cat?post=40476"},{"taxonomy":"product_tag","embeddable":true,"href":"https:\/\/safari.mx\/index.php\/wp-json\/wp\/v2\/product_tag?post=40476"}],"curies":[{"name":"wp","href":"https:\/\/api.w.org\/{rel}","templated":true}]}}