{"id":40515,"date":"2024-08-13T18:21:39","date_gmt":"2024-08-13T18:21:39","guid":{"rendered":"https:\/\/safari.mx\/index.php\/product\/fasio-light-blue-100ml-milestone\/"},"modified":"2024-08-13T18:21:46","modified_gmt":"2024-08-13T18:21:46","slug":"fasio-light-blue-100ml-milestone","status":"publish","type":"product","link":"https:\/\/safari.mx\/index.php\/product\/fasio-light-blue-100ml-milestone\/","title":{"rendered":"Fasio Light Blue 100Ml &#8211; Milestone"},"content":{"rendered":"<p><strong>Acordes:<\/strong> C\u00edtrico, floral, frutal, verde, amaderado.<\/p>\n","protected":false},"excerpt":{"rendered":"<p>Notas de salida Lim\u00f3n, manzana, cedro. Notas de coraz\u00f3n Bamb\u00fa, jazm\u00edn, rosa blanca. Notas de fondo Cedro, almizcle, \u00e1mbar.<\/p>\n","protected":false},"featured_media":40517,"comment_status":"open","ping_status":"open","template":"","meta":[],"product_cat":[671,633,372,342,340,362,370,343,339,428],"product_tag":[],"class_list":{"0":"post-40515","1":"product","2":"type-product","3":"status-publish","4":"has-post-thumbnail","6":"product_cat-milestone-marca","7":"product_cat-perfumes-arabes-perfumes-de-linea","8":"product_cat-arabe-clasificacion","9":"product_cat-clasificacion","10":"product_cat-concentracion","11":"product_cat-eau-de-parfum-concentracion","12":"product_cat-femenino-genero","13":"product_cat-genero","14":"product_cat-marca","15":"product_cat-perfumes-de-linea","16":"ts_product_brand-milestone","18":"first","19":"instock","20":"purchasable","21":"product-type-simple","22":"add-to-wishlist-after_add_to_cart"},"aioseo_notices":[],"_links":{"self":[{"href":"https:\/\/safari.mx\/index.php\/wp-json\/wp\/v2\/product\/40515","targetHints":{"allow":["GET"]}}],"collection":[{"href":"https:\/\/safari.mx\/index.php\/wp-json\/wp\/v2\/product"}],"about":[{"href":"https:\/\/safari.mx\/index.php\/wp-json\/wp\/v2\/types\/product"}],"replies":[{"embeddable":true,"href":"https:\/\/safari.mx\/index.php\/wp-json\/wp\/v2\/comments?post=40515"}],"wp:featuredmedia":[{"embeddable":true,"href":"https:\/\/safari.mx\/index.php\/wp-json\/wp\/v2\/media\/40517"}],"wp:attachment":[{"href":"https:\/\/safari.mx\/index.php\/wp-json\/wp\/v2\/media?parent=40515"}],"wp:term":[{"taxonomy":"product_cat","embeddable":true,"href":"https:\/\/safari.mx\/index.php\/wp-json\/wp\/v2\/product_cat?post=40515"},{"taxonomy":"product_tag","embeddable":true,"href":"https:\/\/safari.mx\/index.php\/wp-json\/wp\/v2\/product_tag?post=40515"}],"curies":[{"name":"wp","href":"https:\/\/api.w.org\/{rel}","templated":true}]}}