{"id":40547,"date":"2024-08-13T18:23:01","date_gmt":"2024-08-13T18:23:01","guid":{"rendered":"https:\/\/safari.mx\/index.php\/product\/hawas-ice-100ml-rasasi\/"},"modified":"2024-08-13T18:23:21","modified_gmt":"2024-08-13T18:23:21","slug":"hawas-ice-100ml-rasasi","status":"publish","type":"product","link":"https:\/\/safari.mx\/index.php\/product\/hawas-ice-100ml-rasasi\/","title":{"rendered":"Hawas Ice 100Ml &#8211; Rasasi"},"content":{"rendered":"<p><strong>Acordes:<\/strong> C\u00edtrico, afrutados, floral blanco, dulce, arom\u00e1tico, atalcado, especiado suave, an\u00eds, almizclado, fresco.<\/p>\n","protected":false},"excerpt":{"rendered":"<p>Hawas Ice for Him de Rasasi es una fragancia de la familia olfativa Arom\u00e1tica para Hombres. Esta fragrancia es nueva. Hawas Ice for Him se lanz\u00f3 en 2023. Las Notas de Salida son lim\u00f3n italiano (lima italiana), manzana, bergamota de Sicilia y an\u00eds estrellado; las Notas de Coraz\u00f3n son ciruela, flor de azahar del naranjo y cardamomo; las Notas de Fondo son almizcle, \u00e1mbar, musgo y trozos de madera a la deriva.<\/p>\n","protected":false},"featured_media":40549,"comment_status":"open","ping_status":"open","template":"","meta":[],"product_cat":[633,479,340,362,339,428,430],"product_tag":[],"class_list":{"0":"post-40547","1":"product","2":"type-product","3":"status-publish","4":"has-post-thumbnail","6":"product_cat-perfumes-arabes-perfumes-de-linea","7":"product_cat-rasasi-marca","8":"product_cat-concentracion","9":"product_cat-eau-de-parfum-concentracion","10":"product_cat-marca","11":"product_cat-perfumes-de-linea","12":"product_cat-perfumes-de-linea-caballero","13":"ts_product_brand-rasasi","15":"first","16":"instock","17":"purchasable","18":"product-type-simple","19":"add-to-wishlist-after_add_to_cart"},"aioseo_notices":[],"_links":{"self":[{"href":"https:\/\/safari.mx\/index.php\/wp-json\/wp\/v2\/product\/40547","targetHints":{"allow":["GET"]}}],"collection":[{"href":"https:\/\/safari.mx\/index.php\/wp-json\/wp\/v2\/product"}],"about":[{"href":"https:\/\/safari.mx\/index.php\/wp-json\/wp\/v2\/types\/product"}],"replies":[{"embeddable":true,"href":"https:\/\/safari.mx\/index.php\/wp-json\/wp\/v2\/comments?post=40547"}],"wp:featuredmedia":[{"embeddable":true,"href":"https:\/\/safari.mx\/index.php\/wp-json\/wp\/v2\/media\/40549"}],"wp:attachment":[{"href":"https:\/\/safari.mx\/index.php\/wp-json\/wp\/v2\/media?parent=40547"}],"wp:term":[{"taxonomy":"product_cat","embeddable":true,"href":"https:\/\/safari.mx\/index.php\/wp-json\/wp\/v2\/product_cat?post=40547"},{"taxonomy":"product_tag","embeddable":true,"href":"https:\/\/safari.mx\/index.php\/wp-json\/wp\/v2\/product_tag?post=40547"}],"curies":[{"name":"wp","href":"https:\/\/api.w.org\/{rel}","templated":true}]}}