{"id":40550,"date":"2024-08-13T18:23:23","date_gmt":"2024-08-13T18:23:23","guid":{"rendered":"https:\/\/safari.mx\/index.php\/product\/la-yuqawam-pour-homme-75ml-rasasi\/"},"modified":"2024-08-13T18:23:28","modified_gmt":"2024-08-13T18:23:28","slug":"la-yuqawam-pour-homme-75ml-rasasi","status":"publish","type":"product","link":"https:\/\/safari.mx\/index.php\/product\/la-yuqawam-pour-homme-75ml-rasasi\/","title":{"rendered":"La Yuqawam Pour Homme 75Ml &#8211; Rasasi"},"content":{"rendered":"<p><strong>Acordes:<\/strong> Cuero, afrutados, dulce, anim\u00e1lico, \u00e1mbar, amaderado, almizclado.<\/p>\n","protected":false},"excerpt":{"rendered":"<p>La Yuqawam Homme de Rasasi es una fragancia de la familia olfativa \u00c1mbar para Hombres. La Yuqawam Homme se lanz\u00f3 en 2012. Las Notas de Salida son frambuesa, azafr\u00e1n y tomillo; las Notas de Coraz\u00f3n son incienso de ol\u00edbano (franquincienso), jazm\u00edn y abr\u00f3tano; las Notas de Fondo son cuero, gamuza, notas amaderadas y \u00e1mbar.<\/p>\n","protected":false},"featured_media":40551,"comment_status":"open","ping_status":"open","template":"","meta":[],"product_cat":[633,479,340,362,339,428,430],"product_tag":[],"class_list":{"0":"post-40550","1":"product","2":"type-product","3":"status-publish","4":"has-post-thumbnail","6":"product_cat-perfumes-arabes-perfumes-de-linea","7":"product_cat-rasasi-marca","8":"product_cat-concentracion","9":"product_cat-eau-de-parfum-concentracion","10":"product_cat-marca","11":"product_cat-perfumes-de-linea","12":"product_cat-perfumes-de-linea-caballero","13":"ts_product_brand-rasasi","15":"first","16":"instock","17":"purchasable","18":"product-type-simple","19":"add-to-wishlist-after_add_to_cart"},"aioseo_notices":[],"_links":{"self":[{"href":"https:\/\/safari.mx\/index.php\/wp-json\/wp\/v2\/product\/40550","targetHints":{"allow":["GET"]}}],"collection":[{"href":"https:\/\/safari.mx\/index.php\/wp-json\/wp\/v2\/product"}],"about":[{"href":"https:\/\/safari.mx\/index.php\/wp-json\/wp\/v2\/types\/product"}],"replies":[{"embeddable":true,"href":"https:\/\/safari.mx\/index.php\/wp-json\/wp\/v2\/comments?post=40550"}],"wp:featuredmedia":[{"embeddable":true,"href":"https:\/\/safari.mx\/index.php\/wp-json\/wp\/v2\/media\/40551"}],"wp:attachment":[{"href":"https:\/\/safari.mx\/index.php\/wp-json\/wp\/v2\/media?parent=40550"}],"wp:term":[{"taxonomy":"product_cat","embeddable":true,"href":"https:\/\/safari.mx\/index.php\/wp-json\/wp\/v2\/product_cat?post=40550"},{"taxonomy":"product_tag","embeddable":true,"href":"https:\/\/safari.mx\/index.php\/wp-json\/wp\/v2\/product_tag?post=40550"}],"curies":[{"name":"wp","href":"https:\/\/api.w.org\/{rel}","templated":true}]}}