{"id":40552,"date":"2024-08-13T18:23:30","date_gmt":"2024-08-13T18:23:30","guid":{"rendered":"https:\/\/safari.mx\/index.php\/product\/shuhrah-pour-homme-90ml-rasasi\/"},"modified":"2024-08-13T18:23:34","modified_gmt":"2024-08-13T18:23:34","slug":"shuhrah-pour-homme-90ml-rasasi","status":"publish","type":"product","link":"https:\/\/safari.mx\/index.php\/product\/shuhrah-pour-homme-90ml-rasasi\/","title":{"rendered":"Shuhrah Pour Homme 90Ml &#8211; Rasasi"},"content":{"rendered":"<p><strong>Acordes:<\/strong> Arom\u00e1tico, florales, amaderado, fresco especiado, cuero, rosas, verde, oud, anim\u00e1lico, atalcado.<\/p>\n","protected":false},"excerpt":{"rendered":"<p>Shuhrah Pour Homme de Rasasi es una fragancia de la familia olfativa Amaderada Arom\u00e1tica para Hombres. Las Notas de Salida son hojas de tomatera, fresia y rosa; las Notas de Coraz\u00f3n son rosa, s\u00e1ndalo, jazm\u00edn y cedro; las Notas de Fondo son cuero, madera de oud, almizcle, musgo de roble y \u00e1mbar.<\/p>\n","protected":false},"featured_media":40553,"comment_status":"open","ping_status":"open","template":"","meta":[],"product_cat":[633,479,340,362,339,428,430],"product_tag":[],"class_list":{"0":"post-40552","1":"product","2":"type-product","3":"status-publish","4":"has-post-thumbnail","6":"product_cat-perfumes-arabes-perfumes-de-linea","7":"product_cat-rasasi-marca","8":"product_cat-concentracion","9":"product_cat-eau-de-parfum-concentracion","10":"product_cat-marca","11":"product_cat-perfumes-de-linea","12":"product_cat-perfumes-de-linea-caballero","13":"ts_product_brand-rasasi","15":"first","16":"instock","17":"purchasable","18":"product-type-simple","19":"add-to-wishlist-after_add_to_cart"},"aioseo_notices":[],"_links":{"self":[{"href":"https:\/\/safari.mx\/index.php\/wp-json\/wp\/v2\/product\/40552","targetHints":{"allow":["GET"]}}],"collection":[{"href":"https:\/\/safari.mx\/index.php\/wp-json\/wp\/v2\/product"}],"about":[{"href":"https:\/\/safari.mx\/index.php\/wp-json\/wp\/v2\/types\/product"}],"replies":[{"embeddable":true,"href":"https:\/\/safari.mx\/index.php\/wp-json\/wp\/v2\/comments?post=40552"}],"wp:featuredmedia":[{"embeddable":true,"href":"https:\/\/safari.mx\/index.php\/wp-json\/wp\/v2\/media\/40553"}],"wp:attachment":[{"href":"https:\/\/safari.mx\/index.php\/wp-json\/wp\/v2\/media?parent=40552"}],"wp:term":[{"taxonomy":"product_cat","embeddable":true,"href":"https:\/\/safari.mx\/index.php\/wp-json\/wp\/v2\/product_cat?post=40552"},{"taxonomy":"product_tag","embeddable":true,"href":"https:\/\/safari.mx\/index.php\/wp-json\/wp\/v2\/product_tag?post=40552"}],"curies":[{"name":"wp","href":"https:\/\/api.w.org\/{rel}","templated":true}]}}