{"id":40570,"date":"2024-08-13T18:25:11","date_gmt":"2024-08-13T18:25:11","guid":{"rendered":"https:\/\/safari.mx\/index.php\/product\/grandeur-extra-man-100ml-emper\/"},"modified":"2024-08-13T18:25:18","modified_gmt":"2024-08-13T18:25:18","slug":"grandeur-extra-man-100ml-emper","status":"publish","type":"product","link":"https:\/\/safari.mx\/index.php\/product\/grandeur-extra-man-100ml-emper\/","title":{"rendered":"Grandeur Extra Man 100Ml &#8211; Emper"},"content":{"rendered":"<p><strong>Acordes:<\/strong> Fougere, floral, \u00e1mbar, vainilla, amaderado.<\/p>\n","protected":false},"excerpt":{"rendered":"<p>Notas de salida Pera, lavanda, menta, bergamota, lim\u00f3n. Notas de coraz\u00f3n Canela, esclarea, alcaravea. Notas de fondo Vaina de vainilla negra, \u00e1mbar, pachul\u00ed, cedro.<\/p>\n","protected":false},"featured_media":40572,"comment_status":"open","ping_status":"open","template":"","meta":[],"product_cat":[690,722,340,362,343,339,351,335],"product_tag":[],"class_list":{"0":"post-40570","1":"product","2":"type-product","3":"status-publish","4":"has-post-thumbnail","6":"product_cat-emper","7":"product_cat-emper-caballero-web-emper","8":"product_cat-concentracion","9":"product_cat-eau-de-parfum-concentracion","10":"product_cat-genero","11":"product_cat-marca","12":"product_cat-masculino-genero","13":"product_cat-web-emper","14":"ts_product_brand-emper","16":"first","17":"instock","18":"purchasable","19":"product-type-simple","20":"add-to-wishlist-after_add_to_cart"},"aioseo_notices":[],"_links":{"self":[{"href":"https:\/\/safari.mx\/index.php\/wp-json\/wp\/v2\/product\/40570","targetHints":{"allow":["GET"]}}],"collection":[{"href":"https:\/\/safari.mx\/index.php\/wp-json\/wp\/v2\/product"}],"about":[{"href":"https:\/\/safari.mx\/index.php\/wp-json\/wp\/v2\/types\/product"}],"replies":[{"embeddable":true,"href":"https:\/\/safari.mx\/index.php\/wp-json\/wp\/v2\/comments?post=40570"}],"wp:featuredmedia":[{"embeddable":true,"href":"https:\/\/safari.mx\/index.php\/wp-json\/wp\/v2\/media\/40572"}],"wp:attachment":[{"href":"https:\/\/safari.mx\/index.php\/wp-json\/wp\/v2\/media?parent=40570"}],"wp:term":[{"taxonomy":"product_cat","embeddable":true,"href":"https:\/\/safari.mx\/index.php\/wp-json\/wp\/v2\/product_cat?post=40570"},{"taxonomy":"product_tag","embeddable":true,"href":"https:\/\/safari.mx\/index.php\/wp-json\/wp\/v2\/product_tag?post=40570"}],"curies":[{"name":"wp","href":"https:\/\/api.w.org\/{rel}","templated":true}]}}