{"id":40868,"date":"2024-08-13T15:07:32","date_gmt":"2024-08-13T15:07:32","guid":{"rendered":"https:\/\/safari.mx\/index.php\/product\/weekend-edt-100ml-burberry\/"},"modified":"2024-08-13T15:07:38","modified_gmt":"2024-08-13T15:07:38","slug":"weekend-edt-100ml-burberry","status":"publish","type":"product","link":"https:\/\/safari.mx\/index.php\/product\/weekend-edt-100ml-burberry\/","title":{"rendered":"Weekend EDT &#8211; 100Ml &#8211; Burberry"},"content":{"rendered":"<p>Acordes: C\u00edtrico, fresco, dulce, afrutados, arom\u00e1tico, verde, oz\u00f3nico, amaderado.<\/p>\n","protected":false},"excerpt":{"rendered":"<p>Weekend for Men de Burberry es una fragancia de la familia olfativa C\u00edtrica para Hombres. Weekend for Men se lanz\u00f3 en 1997. La Nariz detr\u00e1s de esta fragrancia es Michel Almairac. Las Notas de Salida son lim\u00f3n (lima \u00e1cida), toronja (pomelo), bergamota, pi\u00f1a, mandarina y mel\u00f3n; las Notas de Coraz\u00f3n son hiedra, musgo de roble y s\u00e1ndalo; las Notas de Fondo son miel, almizcle y \u00e1mbar.<\/p>\n","protected":false},"featured_media":38012,"comment_status":"open","ping_status":"open","template":"","meta":[],"product_cat":[643,342,340,353,354,343,339,351,428,430,431],"product_tag":[],"class_list":{"0":"post-40868","1":"product","2":"type-product","3":"status-publish","4":"has-post-thumbnail","6":"product_cat-burberry-marca","7":"product_cat-clasificacion","8":"product_cat-concentracion","9":"product_cat-disenador-clasificacion","10":"product_cat-eau-de-toilette-concentracion","11":"product_cat-genero","12":"product_cat-marca","13":"product_cat-masculino-genero","14":"product_cat-perfumes-de-linea","15":"product_cat-perfumes-de-linea-caballero","16":"product_cat-perfumes-disenador-perfumes-de-linea","18":"first","19":"instock","20":"purchasable","21":"product-type-simple","22":"add-to-wishlist-after_add_to_cart"},"aioseo_notices":[],"_links":{"self":[{"href":"https:\/\/safari.mx\/index.php\/wp-json\/wp\/v2\/product\/40868","targetHints":{"allow":["GET"]}}],"collection":[{"href":"https:\/\/safari.mx\/index.php\/wp-json\/wp\/v2\/product"}],"about":[{"href":"https:\/\/safari.mx\/index.php\/wp-json\/wp\/v2\/types\/product"}],"replies":[{"embeddable":true,"href":"https:\/\/safari.mx\/index.php\/wp-json\/wp\/v2\/comments?post=40868"}],"wp:featuredmedia":[{"embeddable":true,"href":"https:\/\/safari.mx\/index.php\/wp-json\/wp\/v2\/media\/38012"}],"wp:attachment":[{"href":"https:\/\/safari.mx\/index.php\/wp-json\/wp\/v2\/media?parent=40868"}],"wp:term":[{"taxonomy":"product_cat","embeddable":true,"href":"https:\/\/safari.mx\/index.php\/wp-json\/wp\/v2\/product_cat?post=40868"},{"taxonomy":"product_tag","embeddable":true,"href":"https:\/\/safari.mx\/index.php\/wp-json\/wp\/v2\/product_tag?post=40868"}],"curies":[{"name":"wp","href":"https:\/\/api.w.org\/{rel}","templated":true}]}}