{"id":40869,"date":"2024-08-13T15:09:44","date_gmt":"2024-08-13T15:09:44","guid":{"rendered":"https:\/\/safari.mx\/index.php\/product\/ck-one-reflections-edt-100ml-calvin-klein\/"},"modified":"2024-08-13T15:09:48","modified_gmt":"2024-08-13T15:09:48","slug":"ck-one-reflections-edt-100ml-calvin-klein","status":"publish","type":"product","link":"https:\/\/safari.mx\/index.php\/product\/ck-one-reflections-edt-100ml-calvin-klein\/","title":{"rendered":"Ck One Reflections EDT &#8211; 100ml &#8211; Calvin Klein"},"content":{"rendered":"<p>Acordes: Fresco, c\u00edtrico, almizclado, verde, amaderado, atalcado, c\u00e1lido especiado, acu\u00e1tico, arom\u00e1tico.<\/p>\n","protected":false},"excerpt":{"rendered":"<p>CK One Reflections de Calvin Klein es una fragancia de la familia olfativa C\u00edtrica Arom\u00e1tica para Hombres y Mujeres. Esta fragrancia es nueva. CK One Reflections se lanz\u00f3 en 2023. CK One Reflections fue creada por Christelle Laprade y Alexandra Carlin. Las Notas de Salida son lim\u00f3n (lima \u00e1cida), Hielo y jengibre; las Notas de Coraz\u00f3n son t\u00e9 verde y Hielo; las Notas de Fondo son almizcle y notas amaderadas.<\/p>\n","protected":false},"featured_media":38079,"comment_status":"open","ping_status":"open","template":"","meta":[],"product_cat":[381,342,340,353,354,343,339,351,428,430,431],"product_tag":[],"class_list":{"0":"post-40869","1":"product","2":"type-product","3":"status-publish","4":"has-post-thumbnail","6":"product_cat-calvin-klein-marca","7":"product_cat-clasificacion","8":"product_cat-concentracion","9":"product_cat-disenador-clasificacion","10":"product_cat-eau-de-toilette-concentracion","11":"product_cat-genero","12":"product_cat-marca","13":"product_cat-masculino-genero","14":"product_cat-perfumes-de-linea","15":"product_cat-perfumes-de-linea-caballero","16":"product_cat-perfumes-disenador-perfumes-de-linea","18":"first","19":"instock","20":"purchasable","21":"product-type-simple","22":"add-to-wishlist-after_add_to_cart"},"aioseo_notices":[],"_links":{"self":[{"href":"https:\/\/safari.mx\/index.php\/wp-json\/wp\/v2\/product\/40869","targetHints":{"allow":["GET"]}}],"collection":[{"href":"https:\/\/safari.mx\/index.php\/wp-json\/wp\/v2\/product"}],"about":[{"href":"https:\/\/safari.mx\/index.php\/wp-json\/wp\/v2\/types\/product"}],"replies":[{"embeddable":true,"href":"https:\/\/safari.mx\/index.php\/wp-json\/wp\/v2\/comments?post=40869"}],"wp:featuredmedia":[{"embeddable":true,"href":"https:\/\/safari.mx\/index.php\/wp-json\/wp\/v2\/media\/38079"}],"wp:attachment":[{"href":"https:\/\/safari.mx\/index.php\/wp-json\/wp\/v2\/media?parent=40869"}],"wp:term":[{"taxonomy":"product_cat","embeddable":true,"href":"https:\/\/safari.mx\/index.php\/wp-json\/wp\/v2\/product_cat?post=40869"},{"taxonomy":"product_tag","embeddable":true,"href":"https:\/\/safari.mx\/index.php\/wp-json\/wp\/v2\/product_tag?post=40869"}],"curies":[{"name":"wp","href":"https:\/\/api.w.org\/{rel}","templated":true}]}}