{"id":40915,"date":"2024-08-13T17:41:26","date_gmt":"2024-08-13T17:41:26","guid":{"rendered":"https:\/\/safari.mx\/index.php\/product\/ch-passion-100ml-carolina-herrera\/"},"modified":"2024-08-13T17:41:32","modified_gmt":"2024-08-13T17:41:32","slug":"ch-passion-100ml-carolina-herrera","status":"publish","type":"product","link":"https:\/\/safari.mx\/index.php\/product\/ch-passion-100ml-carolina-herrera\/","title":{"rendered":"CH Passion 100Ml &#8211; Carolina Herrera"},"content":{"rendered":"<p><strong>ACORDES:<\/strong> Avainillado, fresco especiado, dulce, atalcado, afrutados, cuero, almizclado, anim\u00e1lico, c\u00e1lido especiado.<\/p>\n","protected":false},"excerpt":{"rendered":"<p>CH Pasi\u00f3n for Her de Carolina Herrera es una fragancia de la familia olfativa \u00c1mbar Floral para Mujeres. Esta fragrancia es nueva. CH Pasi\u00f3n for Her se lanz\u00f3 en 2023. CH Pasi\u00f3n for Her fue creada por Quentin Bisch y Nisrine Bouazzaoui Grilli\u00e9. Las Notas de Salida son pera, bergamota y hojas de violeta; las Notas de Coraz\u00f3n son pimienta de Madagascar, vetiver de Hait\u00ed, jazm\u00edn sambac (sampaguita) y petalia; las Notas de Fondo son vainilla, vanilina, cuero y almizcle.<\/p>\n","protected":false},"featured_media":40048,"comment_status":"open","ping_status":"open","template":"","meta":[],"product_cat":[639,385,342,340,353,362,370,343,339,428,431],"product_tag":[],"class_list":{"0":"post-40915","1":"product","2":"type-product","3":"status-publish","4":"has-post-thumbnail","6":"product_cat-perfumes-de-linea-dama-perfumes-de-linea","7":"product_cat-carolina-herrera-marca","8":"product_cat-clasificacion","9":"product_cat-concentracion","10":"product_cat-disenador-clasificacion","11":"product_cat-eau-de-parfum-concentracion","12":"product_cat-femenino-genero","13":"product_cat-genero","14":"product_cat-marca","15":"product_cat-perfumes-de-linea","16":"product_cat-perfumes-disenador-perfumes-de-linea","17":"ts_product_brand-carolina-herrera","19":"first","20":"instock","21":"purchasable","22":"product-type-simple","23":"add-to-wishlist-after_add_to_cart"},"aioseo_notices":[],"_links":{"self":[{"href":"https:\/\/safari.mx\/index.php\/wp-json\/wp\/v2\/product\/40915","targetHints":{"allow":["GET"]}}],"collection":[{"href":"https:\/\/safari.mx\/index.php\/wp-json\/wp\/v2\/product"}],"about":[{"href":"https:\/\/safari.mx\/index.php\/wp-json\/wp\/v2\/types\/product"}],"replies":[{"embeddable":true,"href":"https:\/\/safari.mx\/index.php\/wp-json\/wp\/v2\/comments?post=40915"}],"wp:featuredmedia":[{"embeddable":true,"href":"https:\/\/safari.mx\/index.php\/wp-json\/wp\/v2\/media\/40048"}],"wp:attachment":[{"href":"https:\/\/safari.mx\/index.php\/wp-json\/wp\/v2\/media?parent=40915"}],"wp:term":[{"taxonomy":"product_cat","embeddable":true,"href":"https:\/\/safari.mx\/index.php\/wp-json\/wp\/v2\/product_cat?post=40915"},{"taxonomy":"product_tag","embeddable":true,"href":"https:\/\/safari.mx\/index.php\/wp-json\/wp\/v2\/product_tag?post=40915"}],"curies":[{"name":"wp","href":"https:\/\/api.w.org\/{rel}","templated":true}]}}