{"id":40930,"date":"2024-08-13T18:19:41","date_gmt":"2024-08-13T18:19:41","guid":{"rendered":"https:\/\/safari.mx\/index.php\/product\/so-pure-100ml-emper\/"},"modified":"2024-10-12T04:11:21","modified_gmt":"2024-10-12T04:11:21","slug":"so-pure-100ml-emper","status":"publish","type":"product","link":"https:\/\/safari.mx\/index.php\/product\/so-pure-100ml-emper\/","title":{"rendered":"So Pure 100Ml &#8211; Emper"},"content":{"rendered":"<p><strong>Acordes:<\/strong> C\u00edtrico, frutal, almizcle, \u00e1mbar.<\/p>\n","protected":false},"excerpt":{"rendered":"<p>Notas de salida naranja siciliana, bergamota de Calabria, lim\u00f3n siciliano. Notas de coraz\u00f3n frutas. Notas de fondo almizcle blanco, vainilla de Madagascar, \u00e1mbar.<\/p>\n","protected":false},"featured_media":40483,"comment_status":"open","ping_status":"closed","template":"","meta":[],"product_cat":[690,722,633,340,362,370,343,339,428,430,335],"product_tag":[],"class_list":{"0":"post-40930","1":"product","2":"type-product","3":"status-publish","4":"has-post-thumbnail","6":"product_cat-emper","7":"product_cat-emper-caballero-web-emper","8":"product_cat-perfumes-arabes-perfumes-de-linea","9":"product_cat-concentracion","10":"product_cat-eau-de-parfum-concentracion","11":"product_cat-femenino-genero","12":"product_cat-genero","13":"product_cat-marca","14":"product_cat-perfumes-de-linea","15":"product_cat-perfumes-de-linea-caballero","16":"product_cat-web-emper","17":"ts_product_brand-emper","19":"first","20":"outofstock","21":"purchasable","22":"product-type-simple","23":"add-to-wishlist-after_add_to_cart"},"aioseo_notices":[],"_links":{"self":[{"href":"https:\/\/safari.mx\/index.php\/wp-json\/wp\/v2\/product\/40930","targetHints":{"allow":["GET"]}}],"collection":[{"href":"https:\/\/safari.mx\/index.php\/wp-json\/wp\/v2\/product"}],"about":[{"href":"https:\/\/safari.mx\/index.php\/wp-json\/wp\/v2\/types\/product"}],"replies":[{"embeddable":true,"href":"https:\/\/safari.mx\/index.php\/wp-json\/wp\/v2\/comments?post=40930"}],"wp:featuredmedia":[{"embeddable":true,"href":"https:\/\/safari.mx\/index.php\/wp-json\/wp\/v2\/media\/40483"}],"wp:attachment":[{"href":"https:\/\/safari.mx\/index.php\/wp-json\/wp\/v2\/media?parent=40930"}],"wp:term":[{"taxonomy":"product_cat","embeddable":true,"href":"https:\/\/safari.mx\/index.php\/wp-json\/wp\/v2\/product_cat?post=40930"},{"taxonomy":"product_tag","embeddable":true,"href":"https:\/\/safari.mx\/index.php\/wp-json\/wp\/v2\/product_tag?post=40930"}],"curies":[{"name":"wp","href":"https:\/\/api.w.org\/{rel}","templated":true}]}}