{"id":40931,"date":"2024-08-13T18:19:59","date_gmt":"2024-08-13T18:19:59","guid":{"rendered":"https:\/\/safari.mx\/index.php\/product\/blue-de-blue-100ml-milestone\/"},"modified":"2024-08-13T18:20:05","modified_gmt":"2024-08-13T18:20:05","slug":"blue-de-blue-100ml-milestone","status":"publish","type":"product","link":"https:\/\/safari.mx\/index.php\/product\/blue-de-blue-100ml-milestone\/","title":{"rendered":"Blue De Blue 100Ml &#8211; Milestone"},"content":{"rendered":"<p><strong>Acordes:<\/strong> Arom\u00e1tico, amaderado.<\/p>\n","protected":false},"excerpt":{"rendered":"<p>Notas de salida rosa turca. Notas de coraz\u00f3n cuero, \u00e1mbar, ylang-ylang, nuez moscada. Notas de fondo pachul\u00ed, vainilla y vetiver de Hait\u00ed.<\/p>\n","protected":false},"featured_media":40487,"comment_status":"open","ping_status":"open","template":"","meta":[],"product_cat":[722,671,633,340,362,343,339,351,428,430,335],"product_tag":[],"class_list":{"0":"post-40931","1":"product","2":"type-product","3":"status-publish","4":"has-post-thumbnail","6":"product_cat-emper-caballero-web-emper","7":"product_cat-milestone-marca","8":"product_cat-perfumes-arabes-perfumes-de-linea","9":"product_cat-concentracion","10":"product_cat-eau-de-parfum-concentracion","11":"product_cat-genero","12":"product_cat-marca","13":"product_cat-masculino-genero","14":"product_cat-perfumes-de-linea","15":"product_cat-perfumes-de-linea-caballero","16":"product_cat-web-emper","17":"ts_product_brand-emper","19":"first","20":"instock","21":"purchasable","22":"product-type-simple","23":"add-to-wishlist-after_add_to_cart"},"aioseo_notices":[],"_links":{"self":[{"href":"https:\/\/safari.mx\/index.php\/wp-json\/wp\/v2\/product\/40931","targetHints":{"allow":["GET"]}}],"collection":[{"href":"https:\/\/safari.mx\/index.php\/wp-json\/wp\/v2\/product"}],"about":[{"href":"https:\/\/safari.mx\/index.php\/wp-json\/wp\/v2\/types\/product"}],"replies":[{"embeddable":true,"href":"https:\/\/safari.mx\/index.php\/wp-json\/wp\/v2\/comments?post=40931"}],"wp:featuredmedia":[{"embeddable":true,"href":"https:\/\/safari.mx\/index.php\/wp-json\/wp\/v2\/media\/40487"}],"wp:attachment":[{"href":"https:\/\/safari.mx\/index.php\/wp-json\/wp\/v2\/media?parent=40931"}],"wp:term":[{"taxonomy":"product_cat","embeddable":true,"href":"https:\/\/safari.mx\/index.php\/wp-json\/wp\/v2\/product_cat?post=40931"},{"taxonomy":"product_tag","embeddable":true,"href":"https:\/\/safari.mx\/index.php\/wp-json\/wp\/v2\/product_tag?post=40931"}],"curies":[{"name":"wp","href":"https:\/\/api.w.org\/{rel}","templated":true}]}}