{"id":40935,"date":"2024-08-13T18:20:31","date_gmt":"2024-08-13T18:20:31","guid":{"rendered":"https:\/\/safari.mx\/index.php\/product\/grade-one-100ml-milestone\/"},"modified":"2024-08-13T18:20:37","modified_gmt":"2024-08-13T18:20:37","slug":"grade-one-100ml-milestone","status":"publish","type":"product","link":"https:\/\/safari.mx\/index.php\/product\/grade-one-100ml-milestone\/","title":{"rendered":"Grade One 100Ml &#8211; Milestone"},"content":{"rendered":"<p><strong>Acordes:<\/strong> Amaderado, especiado.<\/p>\n","protected":false},"excerpt":{"rendered":"<p>Notas de Salida son pi\u00f1a, bergamota, grosella negra y manzana. Notas de Coraz\u00f3n son abedul, pachul\u00ed, jazm\u00edn marroqu\u00ed y rosa. Notas de Fondo son almizcle, musgo de roble, \u00e1mbar gris y vainilla.<\/p>\n","protected":false},"featured_media":40504,"comment_status":"open","ping_status":"open","template":"","meta":[],"product_cat":[722,671,633,340,362,343,339,351,428,430,335],"product_tag":[],"class_list":{"0":"post-40935","1":"product","2":"type-product","3":"status-publish","4":"has-post-thumbnail","6":"product_cat-emper-caballero-web-emper","7":"product_cat-milestone-marca","8":"product_cat-perfumes-arabes-perfumes-de-linea","9":"product_cat-concentracion","10":"product_cat-eau-de-parfum-concentracion","11":"product_cat-genero","12":"product_cat-marca","13":"product_cat-masculino-genero","14":"product_cat-perfumes-de-linea","15":"product_cat-perfumes-de-linea-caballero","16":"product_cat-web-emper","17":"ts_product_brand-emper","19":"first","20":"instock","21":"purchasable","22":"product-type-simple","23":"add-to-wishlist-after_add_to_cart"},"aioseo_notices":[],"_links":{"self":[{"href":"https:\/\/safari.mx\/index.php\/wp-json\/wp\/v2\/product\/40935","targetHints":{"allow":["GET"]}}],"collection":[{"href":"https:\/\/safari.mx\/index.php\/wp-json\/wp\/v2\/product"}],"about":[{"href":"https:\/\/safari.mx\/index.php\/wp-json\/wp\/v2\/types\/product"}],"replies":[{"embeddable":true,"href":"https:\/\/safari.mx\/index.php\/wp-json\/wp\/v2\/comments?post=40935"}],"wp:featuredmedia":[{"embeddable":true,"href":"https:\/\/safari.mx\/index.php\/wp-json\/wp\/v2\/media\/40504"}],"wp:attachment":[{"href":"https:\/\/safari.mx\/index.php\/wp-json\/wp\/v2\/media?parent=40935"}],"wp:term":[{"taxonomy":"product_cat","embeddable":true,"href":"https:\/\/safari.mx\/index.php\/wp-json\/wp\/v2\/product_cat?post=40935"},{"taxonomy":"product_tag","embeddable":true,"href":"https:\/\/safari.mx\/index.php\/wp-json\/wp\/v2\/product_tag?post=40935"}],"curies":[{"name":"wp","href":"https:\/\/api.w.org\/{rel}","templated":true}]}}