{"id":40941,"date":"2024-08-13T18:22:20","date_gmt":"2024-08-13T18:22:20","guid":{"rendered":"https:\/\/safari.mx\/index.php\/product\/arabia-explorer-100ml-le-chameau\/"},"modified":"2024-08-13T18:22:24","modified_gmt":"2024-08-13T18:22:24","slug":"arabia-explorer-100ml-le-chameau","status":"publish","type":"product","link":"https:\/\/safari.mx\/index.php\/product\/arabia-explorer-100ml-le-chameau\/","title":{"rendered":"Arabia Explorer 100Ml &#8211; Le Chameau"},"content":{"rendered":"<p><strong>Acordes:<\/strong> C\u00edtrico, frutal, floral, pachul\u00ed, musgo, amaderado.<\/p>\n","protected":false},"excerpt":{"rendered":"<p>Notas de salida Bergamota, pimienta rosa, manzana verde, pi\u00f1a, grosella negra. Notas de coraz\u00f3n Pachul\u00ed, cuero, jazm\u00edn. Notas de fondo Ambar, musgo de roble, almizcle blanco.<\/p>\n","protected":false},"featured_media":40525,"comment_status":"open","ping_status":"open","template":"","meta":[],"product_cat":[722,728,633,340,362,339,428,430,335],"product_tag":[],"class_list":{"0":"post-40941","1":"product","2":"type-product","3":"status-publish","4":"has-post-thumbnail","6":"product_cat-emper-caballero-web-emper","7":"product_cat-le-chameau-marca","8":"product_cat-perfumes-arabes-perfumes-de-linea","9":"product_cat-concentracion","10":"product_cat-eau-de-parfum-concentracion","11":"product_cat-marca","12":"product_cat-perfumes-de-linea","13":"product_cat-perfumes-de-linea-caballero","14":"product_cat-web-emper","15":"ts_product_brand-emper","17":"first","18":"instock","19":"purchasable","20":"product-type-simple","21":"add-to-wishlist-after_add_to_cart"},"aioseo_notices":[],"_links":{"self":[{"href":"https:\/\/safari.mx\/index.php\/wp-json\/wp\/v2\/product\/40941","targetHints":{"allow":["GET"]}}],"collection":[{"href":"https:\/\/safari.mx\/index.php\/wp-json\/wp\/v2\/product"}],"about":[{"href":"https:\/\/safari.mx\/index.php\/wp-json\/wp\/v2\/types\/product"}],"replies":[{"embeddable":true,"href":"https:\/\/safari.mx\/index.php\/wp-json\/wp\/v2\/comments?post=40941"}],"wp:featuredmedia":[{"embeddable":true,"href":"https:\/\/safari.mx\/index.php\/wp-json\/wp\/v2\/media\/40525"}],"wp:attachment":[{"href":"https:\/\/safari.mx\/index.php\/wp-json\/wp\/v2\/media?parent=40941"}],"wp:term":[{"taxonomy":"product_cat","embeddable":true,"href":"https:\/\/safari.mx\/index.php\/wp-json\/wp\/v2\/product_cat?post=40941"},{"taxonomy":"product_tag","embeddable":true,"href":"https:\/\/safari.mx\/index.php\/wp-json\/wp\/v2\/product_tag?post=40941"}],"curies":[{"name":"wp","href":"https:\/\/api.w.org\/{rel}","templated":true}]}}