{"id":41539,"date":"2024-11-06T22:54:02","date_gmt":"2024-11-06T22:54:02","guid":{"rendered":"https:\/\/safari.mx\/?post_type=product&#038;p=41539"},"modified":"2024-11-06T22:54:03","modified_gmt":"2024-11-06T22:54:03","slug":"yara-candy-100ml-lattafa","status":"publish","type":"product","link":"https:\/\/safari.mx\/index.php\/product\/yara-candy-100ml-lattafa\/","title":{"rendered":"Yara Candy \u2013 100ml \u2013 Lattafa"},"content":{"rendered":"<p><b>Yara Candy<\/b>\u00a0de\u00a0<b>Lattafa Perfumes<\/b>\u00a0es una fragancia de la familia olfativa Floral Frutal Gourmand para Mujeres. Esta fragrancia es nueva.\u00a0<b>Yara Candy<\/b>\u00a0se lanz\u00f3 en 2024. Las Notas de Salida son grosellas negras y Mandarina verde; las Notas de Coraz\u00f3n son Strawberry Fizz Candy y gardenia; las Notas de Fondo son vainilla, \u00e1mbar, s\u00e1ndalo y almizcle.<\/p>\n","protected":false},"excerpt":{"rendered":"<p><b>Yara Candy<\/b>\u00a0de\u00a0<b>Lattafa Perfumes<\/b>\u00a0es una fragancia de la familia olfativa Floral Frutal Gourmand para Mujeres. Esta fragrancia es nueva.\u00a0<b>Yara Candy<\/b>\u00a0se lanz\u00f3 en 2024. Las Notas de Salida son grosellas negras y Mandarina verde; las Notas de Coraz\u00f3n son Strawberry Fizz Candy y gardenia; las Notas de Fondo son vainilla, \u00e1mbar, s\u00e1ndalo y almizcle.<\/p>\n","protected":false},"featured_media":41540,"comment_status":"open","ping_status":"closed","template":"","meta":[],"product_cat":[660,177,372,342,370,343,256,347],"product_tag":[],"class_list":{"0":"post-41539","1":"product","2":"type-product","3":"status-publish","4":"has-post-thumbnail","6":"product_cat-perfumes-de-linea-en-estuches","7":"product_cat-arabe","8":"product_cat-arabe-clasificacion","9":"product_cat-clasificacion","10":"product_cat-femenino-genero","11":"product_cat-genero","12":"product_cat-lattafa","13":"product_cat-niche-clasificacion","15":"first","16":"instock","17":"shipping-taxable","18":"purchasable","19":"product-type-simple","20":"add-to-wishlist-after_add_to_cart"},"aioseo_notices":[],"_links":{"self":[{"href":"https:\/\/safari.mx\/index.php\/wp-json\/wp\/v2\/product\/41539","targetHints":{"allow":["GET"]}}],"collection":[{"href":"https:\/\/safari.mx\/index.php\/wp-json\/wp\/v2\/product"}],"about":[{"href":"https:\/\/safari.mx\/index.php\/wp-json\/wp\/v2\/types\/product"}],"replies":[{"embeddable":true,"href":"https:\/\/safari.mx\/index.php\/wp-json\/wp\/v2\/comments?post=41539"}],"wp:featuredmedia":[{"embeddable":true,"href":"https:\/\/safari.mx\/index.php\/wp-json\/wp\/v2\/media\/41540"}],"wp:attachment":[{"href":"https:\/\/safari.mx\/index.php\/wp-json\/wp\/v2\/media?parent=41539"}],"wp:term":[{"taxonomy":"product_cat","embeddable":true,"href":"https:\/\/safari.mx\/index.php\/wp-json\/wp\/v2\/product_cat?post=41539"},{"taxonomy":"product_tag","embeddable":true,"href":"https:\/\/safari.mx\/index.php\/wp-json\/wp\/v2\/product_tag?post=41539"}],"curies":[{"name":"wp","href":"https:\/\/api.w.org\/{rel}","templated":true}]}}