{"id":41581,"date":"2024-11-23T00:05:17","date_gmt":"2024-11-23T00:05:17","guid":{"rendered":"https:\/\/safari.mx\/?post_type=product&#038;p=41581"},"modified":"2025-12-26T19:39:15","modified_gmt":"2025-12-26T19:39:15","slug":"le-male-elixir-2-piezas-jean-paul-gaultier","status":"publish","type":"product","link":"https:\/\/safari.mx\/index.php\/product\/le-male-elixir-2-piezas-jean-paul-gaultier\/","title":{"rendered":"Le Male Elixir \u2013 2 piezas \u2013 Jean Paul Gaultier"},"content":{"rendered":"<p><b>Le Male Elixir<\/b>\u00a0de\u00a0<b>Jean Paul Gaultier<\/b>\u00a0es una fragancia de la familia olfativa \u00c1mbar Foug\u00e8re para Hombres. Esta fragrancia es nueva.\u00a0<b>Le Male Elixir<\/b>\u00a0se lanz\u00f3 en 2023. La Nariz detr\u00e1s de esta fragrancia es Quentin Bisch. Las Notas de Salida son lavanda y menta; las Notas de Coraz\u00f3n son vainilla y benju\u00ed; las Notas de Fondo son miel, haba tonka y tabaco.<\/p>\n","protected":false},"excerpt":{"rendered":"<p><b>Le Male Elixir<\/b>\u00a0de\u00a0<b>Jean Paul Gaultier<\/b>\u00a0es una fragancia de la familia olfativa \u00c1mbar Foug\u00e8re para Hombres. Esta fragrancia es nueva.\u00a0<b>Le Male Elixir<\/b>\u00a0se lanz\u00f3 en 2023. La Nariz detr\u00e1s de esta fragrancia es Quentin Bisch. Las Notas de Salida son lavanda y menta; las Notas de Coraz\u00f3n son vainilla y benju\u00ed; las Notas de Fondo son miel, haba tonka y tabaco.<\/p>\n","protected":false},"featured_media":41583,"comment_status":"open","ping_status":"closed","template":"","meta":[],"product_cat":[661,663,664,660,353,343,242,351],"product_tag":[],"class_list":{"0":"post-41581","1":"product","2":"type-product","3":"status-publish","4":"has-post-thumbnail","6":"product_cat-estuche-caballero","7":"product_cat-estuche-caballero-perfumes-de-linea-en-estuches-2","8":"product_cat-estuche-caballero-perfumes-de-linea-en-estuches-3","9":"product_cat-perfumes-de-linea-en-estuches","10":"product_cat-disenador-clasificacion","11":"product_cat-genero","12":"product_cat-jean-paul-gaultier","13":"product_cat-masculino-genero","15":"first","16":"instock","17":"shipping-taxable","18":"purchasable","19":"product-type-simple","20":"add-to-wishlist-after_add_to_cart"},"aioseo_notices":[],"_links":{"self":[{"href":"https:\/\/safari.mx\/index.php\/wp-json\/wp\/v2\/product\/41581","targetHints":{"allow":["GET"]}}],"collection":[{"href":"https:\/\/safari.mx\/index.php\/wp-json\/wp\/v2\/product"}],"about":[{"href":"https:\/\/safari.mx\/index.php\/wp-json\/wp\/v2\/types\/product"}],"replies":[{"embeddable":true,"href":"https:\/\/safari.mx\/index.php\/wp-json\/wp\/v2\/comments?post=41581"}],"wp:featuredmedia":[{"embeddable":true,"href":"https:\/\/safari.mx\/index.php\/wp-json\/wp\/v2\/media\/41583"}],"wp:attachment":[{"href":"https:\/\/safari.mx\/index.php\/wp-json\/wp\/v2\/media?parent=41581"}],"wp:term":[{"taxonomy":"product_cat","embeddable":true,"href":"https:\/\/safari.mx\/index.php\/wp-json\/wp\/v2\/product_cat?post=41581"},{"taxonomy":"product_tag","embeddable":true,"href":"https:\/\/safari.mx\/index.php\/wp-json\/wp\/v2\/product_tag?post=41581"}],"curies":[{"name":"wp","href":"https:\/\/api.w.org\/{rel}","templated":true}]}}