{"id":41619,"date":"2024-12-11T18:37:51","date_gmt":"2024-12-11T18:37:51","guid":{"rendered":"https:\/\/safari.mx\/?post_type=product&#038;p=41619"},"modified":"2024-12-11T18:37:52","modified_gmt":"2024-12-11T18:37:52","slug":"9-pm-rebel-100ml-afnan","status":"publish","type":"product","link":"https:\/\/safari.mx\/index.php\/product\/9-pm-rebel-100ml-afnan\/","title":{"rendered":"9 PM Rebel \u2013 100ml \u2013 Afnan"},"content":{"rendered":"<div class=\"pyramid-img\">Notas<\/div>\n<div class=\"pyramid-contents\">\n<div class=\"pyramid-top\"><span class=\"ing-top-text\">Pi\u00f1a, Mandar\u00edn, Manzana Granny Smith.<\/span><\/div>\n<div class=\"pyramid-middle\"><span class=\"ing-middle-text\">Madera de cedro, Vainilla, Musgo de roble.<\/span><\/div>\n<div class=\"pyramid-base\"><span class=\"ing-base-text\">\u00c1mbar gris, Madera seca, Caramelo, Almizcle.<\/span><\/div>\n<\/div>\n","protected":false},"excerpt":{"rendered":"<p>Notas Pi\u00f1a, Mandar\u00edn, Manzana Granny Smith. Madera de cedro, Vainilla, Musgo de roble. \u00c1mbar gris, Madera seca, Caramelo, Almizcle.<\/p>\n","protected":false},"featured_media":0,"comment_status":"open","ping_status":"closed","template":"","meta":[],"product_cat":[572,177,372,342],"product_tag":[],"class_list":{"0":"post-41619","1":"product","2":"type-product","3":"status-publish","5":"product_cat-afnan","6":"product_cat-arabe","7":"product_cat-arabe-clasificacion","8":"product_cat-clasificacion","10":"first","11":"instock","12":"shipping-taxable","13":"purchasable","14":"product-type-simple","15":"add-to-wishlist-after_add_to_cart"},"aioseo_notices":[],"_links":{"self":[{"href":"https:\/\/safari.mx\/index.php\/wp-json\/wp\/v2\/product\/41619","targetHints":{"allow":["GET"]}}],"collection":[{"href":"https:\/\/safari.mx\/index.php\/wp-json\/wp\/v2\/product"}],"about":[{"href":"https:\/\/safari.mx\/index.php\/wp-json\/wp\/v2\/types\/product"}],"replies":[{"embeddable":true,"href":"https:\/\/safari.mx\/index.php\/wp-json\/wp\/v2\/comments?post=41619"}],"wp:attachment":[{"href":"https:\/\/safari.mx\/index.php\/wp-json\/wp\/v2\/media?parent=41619"}],"wp:term":[{"taxonomy":"product_cat","embeddable":true,"href":"https:\/\/safari.mx\/index.php\/wp-json\/wp\/v2\/product_cat?post=41619"},{"taxonomy":"product_tag","embeddable":true,"href":"https:\/\/safari.mx\/index.php\/wp-json\/wp\/v2\/product_tag?post=41619"}],"curies":[{"name":"wp","href":"https:\/\/api.w.org\/{rel}","templated":true}]}}